{"id":1628,"date":"2024-09-10T10:40:23","date_gmt":"2024-09-10T15:40:23","guid":{"rendered":"https:\/\/fpsrriicc.unsa.edu.pe\/relindustriales\/?page_id=1628"},"modified":"2025-07-14T08:18:08","modified_gmt":"2025-07-14T13:18:08","slug":"procedimientos-sgc","status":"publish","type":"page","link":"https:\/\/fpsrriicc.unsa.edu.pe\/relindustriales\/procedimientos-sgc\/","title":{"rendered":"Procedimientos SGC"},"content":{"rendered":"<h1><span style=\"color: #993300\">Procedimientos de Escuela<\/span><\/h1>\n<p><a href=\"https:\/\/fpsrriicc.unsa.edu.pe\/relindustriales\/wp-content\/uploads\/sites\/3\/2025\/07\/1.-Procedimiento-Gestion-de-planes-de-estudio.pdf\">1. Procedimiento &#8211; Gesti\u00f3n de planes de estudio<\/a><\/p>\n<p><a href=\"https:\/\/fpsrriicc.unsa.edu.pe\/relindustriales\/wp-content\/uploads\/sites\/3\/2025\/07\/2.-Procedimiento-Gestion-de-Planes-de-Funcionamiento.pdf\">2. Procedimiento &#8211; Gesti\u00f3n de Planes de Funcionamiento<\/a><\/p>\n<p><a href=\"https:\/\/fpsrriicc.unsa.edu.pe\/relindustriales\/wp-content\/uploads\/sites\/3\/2025\/07\/3.-Procedimiento-Gestion-del-silabo-sumilla-bibliografia-y-pesos-ponderados.pdf\">3. Procedimiento &#8211; Gesti\u00f3n del s\u00edlabo, sumilla, bibliograf\u00eda y pesos ponderados<\/a><\/p>\n<p><a href=\"https:\/\/fpsrriicc.unsa.edu.pe\/relindustriales\/wp-content\/uploads\/sites\/3\/2025\/07\/4.-Procedimiento-Registro-de-Convalidaciones.pdf\">4. Procedimiento- Registro de Convalidaciones<\/a><\/p>\n<p><a href=\"https:\/\/fpsrriicc.unsa.edu.pe\/relindustriales\/wp-content\/uploads\/sites\/3\/2025\/07\/5.Procedimiento-Desarrollo-de-la-ensenanza-aprendizaje.pdf\">5.Procedimiento &#8211; Desarrollo de la ense\u00f1anza- aprendizaje<\/a><\/p>\n<p><a href=\"https:\/\/fpsrriicc.unsa.edu.pe\/relindustriales\/wp-content\/uploads\/sites\/3\/2025\/07\/6.-Procedimiento-Control-de-Asistencia.pdf\">6. Procedimiento Control de Asistencia<\/a><\/p>\n<p><a href=\"https:\/\/fpsrriicc.unsa.edu.pe\/relindustriales\/wp-content\/uploads\/sites\/3\/2025\/07\/7.-Procedimiento-Evaluacion-y-registro-de-notas.pdf\">7. Procedimiento &#8211; Evaluaci\u00f3n y registro de notas<\/a><\/p>\n<p><a href=\"https:\/\/fpsrriicc.unsa.edu.pe\/relindustriales\/wp-content\/uploads\/sites\/3\/2025\/07\/8.Procedimiento-Modificacion-de-notas-parciales-y-finales.pdf\">8.Procedimiento &#8211; Modificaci\u00f3n de notas parciales y finales<\/a><\/p>\n<p><a href=\"https:\/\/fpsrriicc.unsa.edu.pe\/relindustriales\/wp-content\/uploads\/sites\/3\/2025\/07\/9.Procedimiento-Emision-de-acta-de-notas.pdf\">9.Procedimiento &#8211; Emisi\u00f3n de acta de notas<\/a><\/p>\n<p><a href=\"https:\/\/fpsrriicc.unsa.edu.pe\/relindustriales\/wp-content\/uploads\/sites\/3\/2025\/07\/10.Procedimiento-Nivelacion-de-ingresantes.pdf\">10.Procedimiento &#8211; Nivelaci\u00f3n de ingresantes<\/a><\/p>\n<p><a href=\"https:\/\/fpsrriicc.unsa.edu.pe\/relindustriales\/wp-content\/uploads\/sites\/3\/2025\/07\/11.-Procedimiento-Tutoria-academica.pdf\">11. Procedimiento &#8211; Tutor\u00eda acad\u00e9mica<\/a><\/p>\n<hr \/>\n<h1><span style=\"color: #993300\">Procedimientos del Departamento Acad\u00e9mico<\/span><\/h1>\n<p><a href=\"https:\/\/fpsrriicc.unsa.edu.pe\/relindustriales\/wp-content\/uploads\/sites\/3\/2025\/07\/1.-Procedimiento-Determinacion-de-la-labor-lectiva-y-no-lectiva.pdf\">1. Procedimiento &#8211; Determinaci\u00f3n de la labor lectiva y no lectiva<\/a><\/p>\n<p><a href=\"https:\/\/fpsrriicc.unsa.edu.pe\/relindustriales\/wp-content\/uploads\/sites\/3\/2025\/07\/2.-Procedimiento-Gestion-de-capacitacion-docente-especializada.pdf\">2. Procedimiento &#8211; Gesti\u00f3n de capacitaci\u00f3n docente especializada<\/a><\/p>\n<p><a href=\"https:\/\/fpsrriicc.unsa.edu.pe\/relindustriales\/wp-content\/uploads\/sites\/3\/2024\/09\/4.-REGISTRO-DOCENTE.pdf\">REGISTRO DOCENTE<\/a><\/p>\n<p>&nbsp;<\/p>\n","protected":false},"excerpt":{"rendered":"<p>Procedimientos de Escuela 1. Procedimiento &#8211; Gesti\u00f3n de planes de estudio 2. Procedimiento &#8211; Gesti\u00f3n de Planes de Funcionamiento 3. Procedimiento &#8211; Gesti\u00f3n del s\u00edlabo, sumilla, bibliograf\u00eda y pesos ponderados 4. Procedimiento- Registro de Convalidaciones 5.Procedimiento &#8211; Desarrollo de la ense\u00f1anza- aprendizaje 6. Procedimiento Control de Asistencia 7. Procedimiento &#8211; Evaluaci\u00f3n y registro de notas [&hellip;]<\/p>\n","protected":false},"author":4,"featured_media":0,"parent":0,"menu_order":0,"comment_status":"closed","ping_status":"closed","template":"","meta":{"_acf_changed":false,"footnotes":""},"class_list":["post-1628","page","type-page","status-publish","hentry"],"acf":[],"_links":{"self":[{"href":"https:\/\/fpsrriicc.unsa.edu.pe\/relindustriales\/wp-json\/wp\/v2\/pages\/1628","targetHints":{"allow":["GET"]}}],"collection":[{"href":"https:\/\/fpsrriicc.unsa.edu.pe\/relindustriales\/wp-json\/wp\/v2\/pages"}],"about":[{"href":"https:\/\/fpsrriicc.unsa.edu.pe\/relindustriales\/wp-json\/wp\/v2\/types\/page"}],"author":[{"embeddable":true,"href":"https:\/\/fpsrriicc.unsa.edu.pe\/relindustriales\/wp-json\/wp\/v2\/users\/4"}],"replies":[{"embeddable":true,"href":"https:\/\/fpsrriicc.unsa.edu.pe\/relindustriales\/wp-json\/wp\/v2\/comments?post=1628"}],"version-history":[{"count":22,"href":"https:\/\/fpsrriicc.unsa.edu.pe\/relindustriales\/wp-json\/wp\/v2\/pages\/1628\/revisions"}],"predecessor-version":[{"id":1865,"href":"https:\/\/fpsrriicc.unsa.edu.pe\/relindustriales\/wp-json\/wp\/v2\/pages\/1628\/revisions\/1865"}],"wp:attachment":[{"href":"https:\/\/fpsrriicc.unsa.edu.pe\/relindustriales\/wp-json\/wp\/v2\/media?parent=1628"}],"curies":[{"name":"wp","href":"https:\/\/api.w.org\/{rel}","templated":true}]}}