{"id":1362,"date":"2019-05-06T11:54:54","date_gmt":"2019-05-06T16:54:54","guid":{"rendered":"https:\/\/fpsrriicc.unsa.edu.pe\/relindustriales\/?page_id=1362"},"modified":"2025-06-10T08:24:49","modified_gmt":"2025-06-10T13:24:49","slug":"director-del-programa-de-estudios","status":"publish","type":"page","link":"https:\/\/fpsrriicc.unsa.edu.pe\/relindustriales\/director-del-programa-de-estudios\/","title":{"rendered":"Director del Programa de Estudios"},"content":{"rendered":"<h3><img loading=\"lazy\" decoding=\"async\" class=\" wp-image-1615 alignleft\" src=\"https:\/\/fpsrriicc.unsa.edu.pe\/relindustriales\/wp-content\/uploads\/sites\/3\/2024\/04\/fpsiricc-Dr-JLPL.jpg\" alt=\"\" width=\"385\" height=\"187\" srcset=\"https:\/\/fpsrriicc.unsa.edu.pe\/relindustriales\/wp-content\/uploads\/sites\/3\/2024\/04\/fpsiricc-Dr-JLPL.jpg 848w, https:\/\/fpsrriicc.unsa.edu.pe\/relindustriales\/wp-content\/uploads\/sites\/3\/2024\/04\/fpsiricc-Dr-JLPL-768x372.jpg 768w\" sizes=\"auto, (max-width: 385px) 100vw, 385px\" \/><\/h3>\n<p>&nbsp;<\/p>\n<h2>DR. JOSE LUIS PURIZAGA LAOS<\/h2>\n<p>Director del Programa Profesional de Relaciones Industriales<\/p>\n<p>&nbsp;<\/p>\n<p>&nbsp;<\/p>\n<p>&nbsp;<\/p>\n<p><strong><u>EDUCACI\u00d3N SUPERIOR<\/u><\/strong><strong>: <\/strong><\/p>\n<ul>\n<li>Universidad Nacional de San Agust\u00edn de Arequipa. Facultad de Ps., RR. II. y PP. \u201cEscuela Profesional de Relaciones Industriales y P\u00fablicas\u201d.<\/li>\n<\/ul>\n<ul>\n<li>Universidad Nacional Jos\u00e9 Faustino S\u00e1nchez Carri\u00f3n \u2013 Huacho &#8211; Lima. \u201cFacultad de Educaci\u00f3n\u201d.<\/li>\n<\/ul>\n<p><strong><u>T\u00cdTULOS PROFESIONALES<\/u><\/strong><strong>:<\/strong><\/p>\n<ul>\n<li>Licenciado en Relaciones Industriales y P\u00fablicas. UNSA &#8211; 1992.<\/li>\n<li>Licenciado en Educaci\u00f3n \u2013 Nivel Secundaria. Especialidad: Ciencias Hist\u00f3rico Sociales. Universidad Nacional Jos\u00e9 Faustino S\u00e1nchez Carri\u00f3n \u2013 Huacho \u2013 Lima &#8211; 2012.<\/li>\n<\/ul>\n<p><strong><u>T\u00cdTULO PROFESIONAL DE SEGUNDA ESPECIALIDAD<\/u><\/strong><strong>:<\/strong><\/p>\n<ul>\n<li>Ingenier\u00eda de Seguridad Industrial e Higiene Ocupacional. UNSA &#8211; 2011.<em>\u00a0 \u00a0 \u00a0 \u00a0 \u00a0 \u00a0 \u00a0<\/em><\/li>\n<\/ul>\n<p><strong><u>GRADOS ACAD\u00c9MICOS<\/u><\/strong><strong>:<\/strong><\/p>\n<ul>\n<li>Doctorado en \u201cCiencias de la Comunicaci\u00f3n\u201d. UNSA &#8211; 2009.<\/li>\n<li>Maestro en Ciencias: Relaciones Industriales, con menci\u00f3n en \u201cGerencia Estrat\u00e9gica de Recursos Humanos\u201d. UNSA &#8211; 2005.<\/li>\n<li>Bachiller en \u201cRelaciones Industriales y P\u00fablicas\u201d. UNSA &#8211; 1991.<\/li>\n<li>Bachiller en \u201cEducaci\u00f3n: Especialidad Ciencias Hist\u00f3rico Sociales\u201d. Universidad Nacional Jos\u00e9 Faustino S\u00e1nchez Carri\u00f3n, Huacho \u2013 Lima &#8211; 2008.<\/li>\n<\/ul>\n","protected":false},"excerpt":{"rendered":"<p>&nbsp; DR. JOSE LUIS PURIZAGA LAOS Director del Programa Profesional de Relaciones Industriales &nbsp; &nbsp; &nbsp; EDUCACI\u00d3N SUPERIOR: Universidad Nacional de San Agust\u00edn de Arequipa. Facultad de Ps., RR. II. y PP. \u201cEscuela Profesional de Relaciones Industriales y P\u00fablicas\u201d. Universidad Nacional Jos\u00e9 Faustino S\u00e1nchez Carri\u00f3n \u2013 Huacho &#8211; Lima. \u201cFacultad de Educaci\u00f3n\u201d. T\u00cdTULOS PROFESIONALES: Licenciado [&hellip;]<\/p>\n","protected":false},"author":1,"featured_media":0,"parent":0,"menu_order":0,"comment_status":"closed","ping_status":"closed","template":"","meta":{"_acf_changed":false,"footnotes":""},"class_list":["post-1362","page","type-page","status-publish","hentry"],"acf":[],"_links":{"self":[{"href":"https:\/\/fpsrriicc.unsa.edu.pe\/relindustriales\/wp-json\/wp\/v2\/pages\/1362","targetHints":{"allow":["GET"]}}],"collection":[{"href":"https:\/\/fpsrriicc.unsa.edu.pe\/relindustriales\/wp-json\/wp\/v2\/pages"}],"about":[{"href":"https:\/\/fpsrriicc.unsa.edu.pe\/relindustriales\/wp-json\/wp\/v2\/types\/page"}],"author":[{"embeddable":true,"href":"https:\/\/fpsrriicc.unsa.edu.pe\/relindustriales\/wp-json\/wp\/v2\/users\/1"}],"replies":[{"embeddable":true,"href":"https:\/\/fpsrriicc.unsa.edu.pe\/relindustriales\/wp-json\/wp\/v2\/comments?post=1362"}],"version-history":[{"count":19,"href":"https:\/\/fpsrriicc.unsa.edu.pe\/relindustriales\/wp-json\/wp\/v2\/pages\/1362\/revisions"}],"predecessor-version":[{"id":1768,"href":"https:\/\/fpsrriicc.unsa.edu.pe\/relindustriales\/wp-json\/wp\/v2\/pages\/1362\/revisions\/1768"}],"wp:attachment":[{"href":"https:\/\/fpsrriicc.unsa.edu.pe\/relindustriales\/wp-json\/wp\/v2\/media?parent=1362"}],"curies":[{"name":"wp","href":"https:\/\/api.w.org\/{rel}","templated":true}]}}