{"id":1207,"date":"2017-07-03T14:45:54","date_gmt":"2017-07-03T14:45:54","guid":{"rendered":"http:\/\/www2.unsa.edu.pe\/escuelas\/relindustriales\/?page_id=2"},"modified":"2025-07-14T08:21:38","modified_gmt":"2025-07-14T13:21:38","slug":"pagina-ejemplo-2","status":"publish","type":"page","link":"https:\/\/fpsrriicc.unsa.edu.pe\/relindustriales\/pagina-ejemplo-2\/","title":{"rendered":"Presentaci\u00f3n"},"content":{"rendered":"<p><a href=\"https:\/\/fpsrriicc.unsa.edu.pe\/relindustriales\/wp-content\/uploads\/sites\/3\/2025\/07\/docentes-scaled.jpg\"><img loading=\"lazy\" decoding=\"async\" class=\"wp-image-1867 alignleft\" src=\"https:\/\/fpsrriicc.unsa.edu.pe\/relindustriales\/wp-content\/uploads\/sites\/3\/2025\/07\/docentes-scaled.jpg\" alt=\"\" width=\"462\" height=\"235\" srcset=\"https:\/\/fpsrriicc.unsa.edu.pe\/relindustriales\/wp-content\/uploads\/sites\/3\/2025\/07\/docentes-scaled.jpg 2560w, https:\/\/fpsrriicc.unsa.edu.pe\/relindustriales\/wp-content\/uploads\/sites\/3\/2025\/07\/docentes-768x390.jpg 768w, https:\/\/fpsrriicc.unsa.edu.pe\/relindustriales\/wp-content\/uploads\/sites\/3\/2025\/07\/docentes-1536x781.jpg 1536w, https:\/\/fpsrriicc.unsa.edu.pe\/relindustriales\/wp-content\/uploads\/sites\/3\/2025\/07\/docentes-2048x1041.jpg 2048w\" sizes=\"auto, (max-width: 462px) 100vw, 462px\" \/><\/a><\/p>\n<p>La Escuela Profesional de Relaciones Industriales a trav\u00e9s del personal docente, asume la gran responsabilidad de formar profesionales en formaci\u00f3n integral, con elevada calidad acad\u00e9mica, \u00e9tica, sensibilidad hacia su entorno, vis\u00f3n estrat\u00e9gica y responsabilidad en la conservaci\u00f3n y acreditamiento del capital m\u00e1s importante de cualquier organizaci\u00f3n, su Personal, adem\u00e1s de desarrollar permanentemente competencias de acuerdo a la exigencia del mercado laboral actual, iniciativas que introduzcan innovaciones constantes en el \u00e1mbito de las relaciones industriales, entre otros.<\/p>\n","protected":false},"excerpt":{"rendered":"<p>La Escuela Profesional de Relaciones Industriales a trav\u00e9s del personal docente, asume la gran responsabilidad de formar profesionales en formaci\u00f3n integral, con elevada calidad acad\u00e9mica, \u00e9tica, sensibilidad hacia su entorno, vis\u00f3n estrat\u00e9gica y responsabilidad en la conservaci\u00f3n y acreditamiento del capital m\u00e1s importante de cualquier organizaci\u00f3n, su Personal, adem\u00e1s de desarrollar permanentemente competencias de acuerdo [&hellip;]<\/p>\n","protected":false},"author":1,"featured_media":1867,"parent":0,"menu_order":0,"comment_status":"closed","ping_status":"open","template":"","meta":{"_acf_changed":false,"footnotes":""},"class_list":["post-1207","page","type-page","status-publish","has-post-thumbnail","hentry"],"acf":[],"_links":{"self":[{"href":"https:\/\/fpsrriicc.unsa.edu.pe\/relindustriales\/wp-json\/wp\/v2\/pages\/1207","targetHints":{"allow":["GET"]}}],"collection":[{"href":"https:\/\/fpsrriicc.unsa.edu.pe\/relindustriales\/wp-json\/wp\/v2\/pages"}],"about":[{"href":"https:\/\/fpsrriicc.unsa.edu.pe\/relindustriales\/wp-json\/wp\/v2\/types\/page"}],"author":[{"embeddable":true,"href":"https:\/\/fpsrriicc.unsa.edu.pe\/relindustriales\/wp-json\/wp\/v2\/users\/1"}],"replies":[{"embeddable":true,"href":"https:\/\/fpsrriicc.unsa.edu.pe\/relindustriales\/wp-json\/wp\/v2\/comments?post=1207"}],"version-history":[{"count":5,"href":"https:\/\/fpsrriicc.unsa.edu.pe\/relindustriales\/wp-json\/wp\/v2\/pages\/1207\/revisions"}],"predecessor-version":[{"id":1868,"href":"https:\/\/fpsrriicc.unsa.edu.pe\/relindustriales\/wp-json\/wp\/v2\/pages\/1207\/revisions\/1868"}],"wp:featuredmedia":[{"embeddable":true,"href":"https:\/\/fpsrriicc.unsa.edu.pe\/relindustriales\/wp-json\/wp\/v2\/media\/1867"}],"wp:attachment":[{"href":"https:\/\/fpsrriicc.unsa.edu.pe\/relindustriales\/wp-json\/wp\/v2\/media?parent=1207"}],"curies":[{"name":"wp","href":"https:\/\/api.w.org\/{rel}","templated":true}]}}