{"id":1097,"date":"2017-07-05T21:07:59","date_gmt":"2017-07-05T21:07:59","guid":{"rendered":"http:\/\/www2.unsa.edu.pe\/escuelas\/relindustriales\/?page_id=1097"},"modified":"2025-03-13T14:21:46","modified_gmt":"2025-03-13T19:21:46","slug":"campo-ocupacional","status":"publish","type":"page","link":"https:\/\/fpsrriicc.unsa.edu.pe\/relindustriales\/campo-ocupacional\/","title":{"rendered":"Perfil de Ingreso"},"content":{"rendered":"<p>a. Tener una gran vocaci\u00f3n de servicio y sentir por los cambios y desaf\u00edos.<br \/>\nb. Ser flexibles, proactivos y emp\u00e1ticos, con facilidad de palabra oral y escrita, con talento para la negociaci\u00f3n y persuasi\u00f3n a trav\u00e9s de la comunicaci\u00f3n asertiva<br \/>\nc. Demostrar un fuerte inter\u00e9s en trabajar para el desarrollo de las personas y las organizaciones, actuando con compromiso, integridad y coherencia.<\/p>\n","protected":false},"excerpt":{"rendered":"<p>a. Tener una gran vocaci\u00f3n de servicio y sentir por los cambios y desaf\u00edos. b. Ser flexibles, proactivos y emp\u00e1ticos, con facilidad de palabra oral y escrita, con talento para la negociaci\u00f3n y persuasi\u00f3n a trav\u00e9s de la comunicaci\u00f3n asertiva c. Demostrar un fuerte inter\u00e9s en trabajar para el desarrollo de las personas y las [&hellip;]<\/p>\n","protected":false},"author":1,"featured_media":0,"parent":0,"menu_order":0,"comment_status":"closed","ping_status":"closed","template":"","meta":{"_acf_changed":false,"footnotes":""},"class_list":["post-1097","page","type-page","status-publish","hentry"],"acf":[],"_links":{"self":[{"href":"https:\/\/fpsrriicc.unsa.edu.pe\/relindustriales\/wp-json\/wp\/v2\/pages\/1097","targetHints":{"allow":["GET"]}}],"collection":[{"href":"https:\/\/fpsrriicc.unsa.edu.pe\/relindustriales\/wp-json\/wp\/v2\/pages"}],"about":[{"href":"https:\/\/fpsrriicc.unsa.edu.pe\/relindustriales\/wp-json\/wp\/v2\/types\/page"}],"author":[{"embeddable":true,"href":"https:\/\/fpsrriicc.unsa.edu.pe\/relindustriales\/wp-json\/wp\/v2\/users\/1"}],"replies":[{"embeddable":true,"href":"https:\/\/fpsrriicc.unsa.edu.pe\/relindustriales\/wp-json\/wp\/v2\/comments?post=1097"}],"version-history":[{"count":3,"href":"https:\/\/fpsrriicc.unsa.edu.pe\/relindustriales\/wp-json\/wp\/v2\/pages\/1097\/revisions"}],"predecessor-version":[{"id":1671,"href":"https:\/\/fpsrriicc.unsa.edu.pe\/relindustriales\/wp-json\/wp\/v2\/pages\/1097\/revisions\/1671"}],"wp:attachment":[{"href":"https:\/\/fpsrriicc.unsa.edu.pe\/relindustriales\/wp-json\/wp\/v2\/media?parent=1097"}],"curies":[{"name":"wp","href":"https:\/\/api.w.org\/{rel}","templated":true}]}}