{"id":1056,"date":"2017-07-05T14:08:29","date_gmt":"2017-07-05T14:08:29","guid":{"rendered":"http:\/\/www2.unsa.edu.pe\/escuelas\/relindustriales\/?page_id=1056"},"modified":"2025-03-13T12:50:24","modified_gmt":"2025-03-13T17:50:24","slug":"objetivos-educacionales","status":"publish","type":"page","link":"https:\/\/fpsrriicc.unsa.edu.pe\/relindustriales\/objetivos-educacionales\/","title":{"rendered":"Objetivos Educacionales"},"content":{"rendered":"<p>OBJETIVOS EDUCACIONALES<\/p>\n<p>OED1. Administrar los procesos de Recursos Humanos contribuyendo a los objetivos organizacionales, considerando la legislaci\u00f3n laboral vigente y est\u00e1ndares de calidad.<br \/>\nOED2. Administrar los procesos de seguridad y salud en el trabajo, en prevenci\u00f3n de los riesgos laborales.<br \/>\nOED3. Gestionar los procesos de comunicaci\u00f3n y relaciones humanas en la organizaci\u00f3n, con efectividad y \u00e9tica.<br \/>\nOED4. Aplicar los m\u00e9todos de investigaci\u00f3n b\u00e1sica, para diagnosticar y resolver problemas referentes a los recursos humanos.<\/p>\n","protected":false},"excerpt":{"rendered":"<p>OBJETIVOS EDUCACIONALES OED1. Administrar los procesos de Recursos Humanos contribuyendo a los objetivos organizacionales, considerando la legislaci\u00f3n laboral vigente y est\u00e1ndares de calidad. OED2. Administrar los procesos de seguridad y salud en el trabajo, en prevenci\u00f3n de los riesgos laborales. OED3. Gestionar los procesos de comunicaci\u00f3n y relaciones humanas en la organizaci\u00f3n, con efectividad y [&hellip;]<\/p>\n","protected":false},"author":1,"featured_media":0,"parent":0,"menu_order":0,"comment_status":"closed","ping_status":"closed","template":"","meta":{"_acf_changed":false,"footnotes":""},"class_list":["post-1056","page","type-page","status-publish","hentry"],"acf":[],"_links":{"self":[{"href":"https:\/\/fpsrriicc.unsa.edu.pe\/relindustriales\/wp-json\/wp\/v2\/pages\/1056","targetHints":{"allow":["GET"]}}],"collection":[{"href":"https:\/\/fpsrriicc.unsa.edu.pe\/relindustriales\/wp-json\/wp\/v2\/pages"}],"about":[{"href":"https:\/\/fpsrriicc.unsa.edu.pe\/relindustriales\/wp-json\/wp\/v2\/types\/page"}],"author":[{"embeddable":true,"href":"https:\/\/fpsrriicc.unsa.edu.pe\/relindustriales\/wp-json\/wp\/v2\/users\/1"}],"replies":[{"embeddable":true,"href":"https:\/\/fpsrriicc.unsa.edu.pe\/relindustriales\/wp-json\/wp\/v2\/comments?post=1056"}],"version-history":[{"count":8,"href":"https:\/\/fpsrriicc.unsa.edu.pe\/relindustriales\/wp-json\/wp\/v2\/pages\/1056\/revisions"}],"predecessor-version":[{"id":1662,"href":"https:\/\/fpsrriicc.unsa.edu.pe\/relindustriales\/wp-json\/wp\/v2\/pages\/1056\/revisions\/1662"}],"wp:attachment":[{"href":"https:\/\/fpsrriicc.unsa.edu.pe\/relindustriales\/wp-json\/wp\/v2\/media?parent=1056"}],"curies":[{"name":"wp","href":"https:\/\/api.w.org\/{rel}","templated":true}]}}