{"id":1054,"date":"2017-07-05T14:07:02","date_gmt":"2017-07-05T14:07:02","guid":{"rendered":"http:\/\/www2.unsa.edu.pe\/escuelas\/relindustriales\/?page_id=1054"},"modified":"2025-05-26T12:29:09","modified_gmt":"2025-05-26T17:29:09","slug":"mision-y-vision","status":"publish","type":"page","link":"https:\/\/fpsrriicc.unsa.edu.pe\/relindustriales\/mision-y-vision\/","title":{"rendered":"Misi\u00f3n y Visi\u00f3n"},"content":{"rendered":"<h2><strong>Misi\u00f3n<\/strong><\/h2>\n<p>\u201cFormar profesionales competentes y \u00e9ticos, con capacidad para la investigaci\u00f3n e innovaci\u00f3n generando conocimiento cient\u00edfico, tecnol\u00f3gico y human\u00edstico, en administraci\u00f3n de personas, contribuyendo al desarrollo sostenible de la regi\u00f3n y del pa\u00eds\u201d.<\/p>\n<h2><strong>Visi\u00f3n\u00a0<\/strong><\/h2>\n<p>\u201cLos peruanos acceden a una educaci\u00f3n que les permite desarrollar su potencial desde la primera infancia y convertirse en ciudadanos que valoren su cultura, conocen sus derechos y responsabilidades, desarrollan sus talentos y participan de manera innovadora, competitiva y comprometida en las din\u00e1micas sociales, contribuyendo al desarrollo de sus comunidades y del pa\u00eds en su conjunto\u201d.<\/p>\n","protected":false},"excerpt":{"rendered":"<p>Misi\u00f3n \u201cFormar profesionales competentes y \u00e9ticos, con capacidad para la investigaci\u00f3n e innovaci\u00f3n generando conocimiento cient\u00edfico, tecnol\u00f3gico y human\u00edstico, en administraci\u00f3n de personas, contribuyendo al desarrollo sostenible de la regi\u00f3n y del pa\u00eds\u201d. Visi\u00f3n\u00a0 \u201cLos peruanos acceden a una educaci\u00f3n que les permite desarrollar su potencial desde la primera infancia y convertirse en ciudadanos que [&hellip;]<\/p>\n","protected":false},"author":1,"featured_media":0,"parent":0,"menu_order":0,"comment_status":"closed","ping_status":"closed","template":"","meta":{"_acf_changed":false,"footnotes":""},"class_list":["post-1054","page","type-page","status-publish","hentry"],"acf":[],"_links":{"self":[{"href":"https:\/\/fpsrriicc.unsa.edu.pe\/relindustriales\/wp-json\/wp\/v2\/pages\/1054","targetHints":{"allow":["GET"]}}],"collection":[{"href":"https:\/\/fpsrriicc.unsa.edu.pe\/relindustriales\/wp-json\/wp\/v2\/pages"}],"about":[{"href":"https:\/\/fpsrriicc.unsa.edu.pe\/relindustriales\/wp-json\/wp\/v2\/types\/page"}],"author":[{"embeddable":true,"href":"https:\/\/fpsrriicc.unsa.edu.pe\/relindustriales\/wp-json\/wp\/v2\/users\/1"}],"replies":[{"embeddable":true,"href":"https:\/\/fpsrriicc.unsa.edu.pe\/relindustriales\/wp-json\/wp\/v2\/comments?post=1054"}],"version-history":[{"count":9,"href":"https:\/\/fpsrriicc.unsa.edu.pe\/relindustriales\/wp-json\/wp\/v2\/pages\/1054\/revisions"}],"predecessor-version":[{"id":1735,"href":"https:\/\/fpsrriicc.unsa.edu.pe\/relindustriales\/wp-json\/wp\/v2\/pages\/1054\/revisions\/1735"}],"wp:attachment":[{"href":"https:\/\/fpsrriicc.unsa.edu.pe\/relindustriales\/wp-json\/wp\/v2\/media?parent=1054"}],"curies":[{"name":"wp","href":"https:\/\/api.w.org\/{rel}","templated":true}]}}