{"id":91,"date":"2017-07-04T20:24:49","date_gmt":"2017-07-04T20:24:49","guid":{"rendered":"http:\/\/www2.unsa.edu.pe\/escuelas\/psicologia\/?page_id=91"},"modified":"2018-02-28T17:08:11","modified_gmt":"2018-02-28T22:08:11","slug":"campo-ocupacional","status":"publish","type":"page","link":"https:\/\/fpsrriicc.unsa.edu.pe\/psicologia\/campo-ocupacional\/","title":{"rendered":"Campo Ocupacional"},"content":{"rendered":"<ul>\n<li>Como Psic\u00f3logos cl\u00ednicos en hospitales y cl\u00ednicas.<\/li>\n<li>En el campo educativo, mediante los departamentos psicopedag\u00f3gicos.<\/li>\n<li>En Psicolog\u00eda organizacional en dependencias p\u00fablicas y privadas.<\/li>\n<li>En Psicolog\u00eda social, en entidades como la Defensor\u00eda del Pueblo, del Ni\u00f1o y del Adolescente, Institutos Penitenciarios, Centro de Rehabilitaci\u00f3n del Menor, etc.<\/li>\n<li>En general en consultoria, orientaci\u00f3n y psicoterapia.<\/li>\n<\/ul>\n","protected":false},"excerpt":{"rendered":"<p>Como Psic\u00f3logos cl\u00ednicos en hospitales y cl\u00ednicas. En el campo educativo, mediante los departamentos psicopedag\u00f3gicos. En Psicolog\u00eda organizacional en dependencias p\u00fablicas y privadas. En Psicolog\u00eda social, en entidades como la Defensor\u00eda del Pueblo, del Ni\u00f1o y del Adolescente, Institutos Penitenciarios, Centro de Rehabilitaci\u00f3n del Menor, etc. En general en consultoria, orientaci\u00f3n y psicoterapia.<\/p>\n","protected":false},"author":1,"featured_media":0,"parent":0,"menu_order":0,"comment_status":"closed","ping_status":"closed","template":"","meta":{"_acf_changed":false,"footnotes":""},"class_list":["post-91","page","type-page","status-publish","hentry"],"acf":[],"_links":{"self":[{"href":"https:\/\/fpsrriicc.unsa.edu.pe\/psicologia\/wp-json\/wp\/v2\/pages\/91","targetHints":{"allow":["GET"]}}],"collection":[{"href":"https:\/\/fpsrriicc.unsa.edu.pe\/psicologia\/wp-json\/wp\/v2\/pages"}],"about":[{"href":"https:\/\/fpsrriicc.unsa.edu.pe\/psicologia\/wp-json\/wp\/v2\/types\/page"}],"author":[{"embeddable":true,"href":"https:\/\/fpsrriicc.unsa.edu.pe\/psicologia\/wp-json\/wp\/v2\/users\/1"}],"replies":[{"embeddable":true,"href":"https:\/\/fpsrriicc.unsa.edu.pe\/psicologia\/wp-json\/wp\/v2\/comments?post=91"}],"version-history":[{"count":1,"href":"https:\/\/fpsrriicc.unsa.edu.pe\/psicologia\/wp-json\/wp\/v2\/pages\/91\/revisions"}],"predecessor-version":[{"id":344,"href":"https:\/\/fpsrriicc.unsa.edu.pe\/psicologia\/wp-json\/wp\/v2\/pages\/91\/revisions\/344"}],"wp:attachment":[{"href":"https:\/\/fpsrriicc.unsa.edu.pe\/psicologia\/wp-json\/wp\/v2\/media?parent=91"}],"curies":[{"name":"wp","href":"https:\/\/api.w.org\/{rel}","templated":true}]}}