{"id":89,"date":"2017-07-04T20:23:55","date_gmt":"2017-07-04T20:23:55","guid":{"rendered":"http:\/\/www2.unsa.edu.pe\/escuelas\/psicologia\/?page_id=89"},"modified":"2025-07-13T18:15:38","modified_gmt":"2025-07-13T23:15:38","slug":"perfil-del-egresado","status":"publish","type":"page","link":"https:\/\/fpsrriicc.unsa.edu.pe\/psicologia\/perfil-del-egresado\/","title":{"rendered":"Perfil del Egresado"},"content":{"rendered":"<p><strong>Plan curricular 2017<\/strong><\/p>\n<p>El egresado de la Escuela Profesional de Psicolog\u00eda de la UNSA,\u00a0 posee conocimientos cient\u00edficos te\u00f3rico-pr\u00e1cticos, tecnol\u00f3gicos e investigativos en el campo de la psicolog\u00eda;\u00a0 realiza\u00a0 evaluaci\u00f3n, diagn\u00f3stico,\u00a0 promoci\u00f3n del desarrollo saludable\u00a0 de la personalidad; prevenci\u00f3n\u00a0 y tratamiento de alteraciones de la salud psicol\u00f3gica,\u00a0 evidenciando\u00a0 un comportamiento \u00e9tico,\u00a0 identificaci\u00f3n y sensibilidad social\u00a0 con los distintos sectores de la poblaci\u00f3n, con el cuidado del medio ambiente\u00a0\u00a0\u00a0 y un enfoque multi\u00a0 e interdisciplinario.<\/p>\n<p>&nbsp;<\/p>\n<p><strong>Plan curricular 2025<\/strong><\/p>\n<p>El egresado del Programa de estudios de Psicolog\u00eda:<\/p>\n<ol>\n<li>Posee un enfoque epistemol\u00f3gico y metodol\u00f3gico de la psicolog\u00eda para sistematizar, producir y aplicar\u00a0 conocimientos te\u00f3ricos, pr\u00e1cticos, tecnol\u00f3gicos e investigativos.<\/li>\n<li>Realiza la promoci\u00f3n, prevenci\u00f3n, evaluaci\u00f3n, diagn\u00f3stico e intervenci\u00f3n psicol\u00f3gica, contribuyendo al bienestar de la persona y sociedad con un enfoque intercultural e inclusivo en las diferentes \u00e1reas de la psicolog\u00eda.<\/li>\n<li>Evidencia pensamiento cr\u00edtico-reflexivo, sensibilidad social y \u00e9tica para resolver problemas psicosociales con innovaci\u00f3n, trabajo en equipo, con respeto y cuidado al medio ambiente.<\/li>\n<\/ol>\n<p>&nbsp;<\/p>\n","protected":false},"excerpt":{"rendered":"<p>Plan curricular 2017 El egresado de la Escuela Profesional de Psicolog\u00eda de la UNSA,\u00a0 posee conocimientos cient\u00edficos te\u00f3rico-pr\u00e1cticos, tecnol\u00f3gicos e investigativos en el campo de la psicolog\u00eda;\u00a0 realiza\u00a0 evaluaci\u00f3n, diagn\u00f3stico,\u00a0 promoci\u00f3n del desarrollo saludable\u00a0 de la personalidad; prevenci\u00f3n\u00a0 y tratamiento de alteraciones de la salud psicol\u00f3gica,\u00a0 evidenciando\u00a0 un comportamiento \u00e9tico,\u00a0 identificaci\u00f3n y sensibilidad social\u00a0 con [&hellip;]<\/p>\n","protected":false},"author":1,"featured_media":901,"parent":0,"menu_order":0,"comment_status":"closed","ping_status":"closed","template":"","meta":{"_acf_changed":false,"footnotes":""},"class_list":["post-89","page","type-page","status-publish","has-post-thumbnail","hentry"],"acf":[],"_links":{"self":[{"href":"https:\/\/fpsrriicc.unsa.edu.pe\/psicologia\/wp-json\/wp\/v2\/pages\/89","targetHints":{"allow":["GET"]}}],"collection":[{"href":"https:\/\/fpsrriicc.unsa.edu.pe\/psicologia\/wp-json\/wp\/v2\/pages"}],"about":[{"href":"https:\/\/fpsrriicc.unsa.edu.pe\/psicologia\/wp-json\/wp\/v2\/types\/page"}],"author":[{"embeddable":true,"href":"https:\/\/fpsrriicc.unsa.edu.pe\/psicologia\/wp-json\/wp\/v2\/users\/1"}],"replies":[{"embeddable":true,"href":"https:\/\/fpsrriicc.unsa.edu.pe\/psicologia\/wp-json\/wp\/v2\/comments?post=89"}],"version-history":[{"count":5,"href":"https:\/\/fpsrriicc.unsa.edu.pe\/psicologia\/wp-json\/wp\/v2\/pages\/89\/revisions"}],"predecessor-version":[{"id":1429,"href":"https:\/\/fpsrriicc.unsa.edu.pe\/psicologia\/wp-json\/wp\/v2\/pages\/89\/revisions\/1429"}],"wp:featuredmedia":[{"embeddable":true,"href":"https:\/\/fpsrriicc.unsa.edu.pe\/psicologia\/wp-json\/wp\/v2\/media\/901"}],"wp:attachment":[{"href":"https:\/\/fpsrriicc.unsa.edu.pe\/psicologia\/wp-json\/wp\/v2\/media?parent=89"}],"curies":[{"name":"wp","href":"https:\/\/api.w.org\/{rel}","templated":true}]}}