{"id":70,"date":"2017-07-04T18:47:33","date_gmt":"2017-07-04T18:47:33","guid":{"rendered":"http:\/\/www2.unsa.edu.pe\/escuelas\/psicologia\/?page_id=70"},"modified":"2026-01-26T16:12:01","modified_gmt":"2026-01-26T21:12:01","slug":"director-de-escuela","status":"publish","type":"page","link":"https:\/\/fpsrriicc.unsa.edu.pe\/psicologia\/director-de-escuela\/","title":{"rendered":"Directora de Escuela"},"content":{"rendered":"<p>&nbsp;<\/p>\n<p>&nbsp;<\/p>\n<p><strong>Dra. Amparo Patricia Mendoza Beltr\u00e1n<\/strong><\/p>\n<p>Docente Principal a dedicaci\u00f3n exclusiva en la Departamento de Psicolog\u00eda de la Universidad Nacional de San Agust\u00edn, desde Junio de 1995 a la fecha.<\/p>\n","protected":false},"excerpt":{"rendered":"<p>&nbsp; &nbsp; Dra. Amparo Patricia Mendoza Beltr\u00e1n Docente Principal a dedicaci\u00f3n exclusiva en la Departamento de Psicolog\u00eda de la Universidad Nacional de San Agust\u00edn, desde Junio de 1995 a la fecha.<\/p>\n","protected":false},"author":1,"featured_media":0,"parent":0,"menu_order":0,"comment_status":"closed","ping_status":"closed","template":"page-autoridades.php","meta":{"_acf_changed":false,"footnotes":""},"class_list":["post-70","page","type-page","status-publish","hentry"],"acf":[],"_links":{"self":[{"href":"https:\/\/fpsrriicc.unsa.edu.pe\/psicologia\/wp-json\/wp\/v2\/pages\/70","targetHints":{"allow":["GET"]}}],"collection":[{"href":"https:\/\/fpsrriicc.unsa.edu.pe\/psicologia\/wp-json\/wp\/v2\/pages"}],"about":[{"href":"https:\/\/fpsrriicc.unsa.edu.pe\/psicologia\/wp-json\/wp\/v2\/types\/page"}],"author":[{"embeddable":true,"href":"https:\/\/fpsrriicc.unsa.edu.pe\/psicologia\/wp-json\/wp\/v2\/users\/1"}],"replies":[{"embeddable":true,"href":"https:\/\/fpsrriicc.unsa.edu.pe\/psicologia\/wp-json\/wp\/v2\/comments?post=70"}],"version-history":[{"count":24,"href":"https:\/\/fpsrriicc.unsa.edu.pe\/psicologia\/wp-json\/wp\/v2\/pages\/70\/revisions"}],"predecessor-version":[{"id":1564,"href":"https:\/\/fpsrriicc.unsa.edu.pe\/psicologia\/wp-json\/wp\/v2\/pages\/70\/revisions\/1564"}],"wp:attachment":[{"href":"https:\/\/fpsrriicc.unsa.edu.pe\/psicologia\/wp-json\/wp\/v2\/media?parent=70"}],"curies":[{"name":"wp","href":"https:\/\/api.w.org\/{rel}","templated":true}]}}