{"id":53,"date":"2017-07-03T20:05:29","date_gmt":"2017-07-03T20:05:29","guid":{"rendered":"http:\/\/www2.unsa.edu.pe\/escuelas\/psicologia\/?page_id=53"},"modified":"2019-06-25T09:42:24","modified_gmt":"2019-06-25T14:42:24","slug":"vision-y-mision","status":"publish","type":"page","link":"https:\/\/fpsrriicc.unsa.edu.pe\/psicologia\/vision-y-mision\/","title":{"rendered":"Misi\u00f3n"},"content":{"rendered":"<h4>Somos una instituci\u00f3n comprometida con la formaci\u00f3n \u00e9tica, cient\u00edfica y humana de psic\u00f3logos con pensamiento cr\u00edtico, responsabilidad social, vocaci\u00f3n de servicio y capacidad de investigar.<\/h4>\n<h4>Creamos y difundimos conocimientos contribuyendo al bienestar psicol\u00f3gico de las personas.<\/h4>\n<h4><\/h4>\n","protected":false},"excerpt":{"rendered":"<p>Somos una instituci\u00f3n comprometida con la formaci\u00f3n \u00e9tica, cient\u00edfica y humana de psic\u00f3logos con pensamiento cr\u00edtico, responsabilidad social, vocaci\u00f3n de servicio y capacidad de investigar. Creamos y difundimos conocimientos contribuyendo al bienestar psicol\u00f3gico de las personas.<\/p>\n","protected":false},"author":1,"featured_media":0,"parent":0,"menu_order":0,"comment_status":"closed","ping_status":"closed","template":"","meta":{"_acf_changed":false,"footnotes":""},"class_list":["post-53","page","type-page","status-publish","hentry"],"acf":[],"_links":{"self":[{"href":"https:\/\/fpsrriicc.unsa.edu.pe\/psicologia\/wp-json\/wp\/v2\/pages\/53","targetHints":{"allow":["GET"]}}],"collection":[{"href":"https:\/\/fpsrriicc.unsa.edu.pe\/psicologia\/wp-json\/wp\/v2\/pages"}],"about":[{"href":"https:\/\/fpsrriicc.unsa.edu.pe\/psicologia\/wp-json\/wp\/v2\/types\/page"}],"author":[{"embeddable":true,"href":"https:\/\/fpsrriicc.unsa.edu.pe\/psicologia\/wp-json\/wp\/v2\/users\/1"}],"replies":[{"embeddable":true,"href":"https:\/\/fpsrriicc.unsa.edu.pe\/psicologia\/wp-json\/wp\/v2\/comments?post=53"}],"version-history":[{"count":28,"href":"https:\/\/fpsrriicc.unsa.edu.pe\/psicologia\/wp-json\/wp\/v2\/pages\/53\/revisions"}],"predecessor-version":[{"id":845,"href":"https:\/\/fpsrriicc.unsa.edu.pe\/psicologia\/wp-json\/wp\/v2\/pages\/53\/revisions\/845"}],"wp:attachment":[{"href":"https:\/\/fpsrriicc.unsa.edu.pe\/psicologia\/wp-json\/wp\/v2\/media?parent=53"}],"curies":[{"name":"wp","href":"https:\/\/api.w.org\/{rel}","templated":true}]}}