{"id":528,"date":"2018-07-11T09:43:09","date_gmt":"2018-07-11T14:43:09","guid":{"rendered":"https:\/\/fpsrriicc.unsa.edu.pe\/psicologia\/?page_id=528"},"modified":"2025-07-13T18:57:32","modified_gmt":"2025-07-13T23:57:32","slug":"grados-y-titulos","status":"publish","type":"page","link":"https:\/\/fpsrriicc.unsa.edu.pe\/psicologia\/grados-y-titulos\/","title":{"rendered":"Grados y T\u00edtulos"},"content":{"rendered":"<ul>\n<li><strong>GRADO ACAD\u00c9MICO:<br \/>\n<\/strong><a href=\"https:\/\/drive.google.com\/file\/d\/1hSc1cgRGFAnlR0GKGPZ8Sb8W3tw0Ldwp\/view?usp=sharing\">Bachiller en Psicolog\u00eda<\/a><\/li>\n<\/ul>\n<ol>\n<li>Bachiller Autom\u00e1tico<\/li>\n<li>Bachiller por investigaci\u00f3n<\/li>\n<\/ol>\n<ul>\n<li><strong>T\u00cdTULO PROFESIONAL:<br \/>\n<\/strong><a href=\"https:\/\/drive.google.com\/file\/d\/1hSc1cgRGFAnlR0GKGPZ8Sb8W3tw0Ldwp\/view?usp=sharing\">Psic\u00f3logo<\/a><\/li>\n<\/ul>\n<ol>\n<li>Tesis<\/li>\n<li>Tesis en Formato Art\u00edculo Publicado en Revista Indexada (Base Scopus Web of Science)<\/li>\n<li>Tesis en Formato Patente de Invenci\u00f3n<\/li>\n<li>Tesis Formato Libro Evaluado por Pares Externos<\/li>\n<li>Tesis por suficiencia profesional<\/li>\n<li>Suficiencia Profesional, a quienes les resulte aplicable<\/li>\n<\/ol>\n<p>&nbsp;<\/p>\n","protected":false},"excerpt":{"rendered":"<p>GRADO ACAD\u00c9MICO: Bachiller en Psicolog\u00eda Bachiller Autom\u00e1tico Bachiller por investigaci\u00f3n T\u00cdTULO PROFESIONAL: Psic\u00f3logo Tesis Tesis en Formato Art\u00edculo Publicado en Revista Indexada (Base Scopus Web of Science) Tesis en Formato Patente de Invenci\u00f3n Tesis Formato Libro Evaluado por Pares Externos Tesis por suficiencia profesional Suficiencia Profesional, a quienes les resulte aplicable &nbsp;<\/p>\n","protected":false},"author":1,"featured_media":0,"parent":0,"menu_order":0,"comment_status":"closed","ping_status":"closed","template":"","meta":{"_acf_changed":false,"footnotes":""},"class_list":["post-528","page","type-page","status-publish","hentry"],"acf":[],"_links":{"self":[{"href":"https:\/\/fpsrriicc.unsa.edu.pe\/psicologia\/wp-json\/wp\/v2\/pages\/528","targetHints":{"allow":["GET"]}}],"collection":[{"href":"https:\/\/fpsrriicc.unsa.edu.pe\/psicologia\/wp-json\/wp\/v2\/pages"}],"about":[{"href":"https:\/\/fpsrriicc.unsa.edu.pe\/psicologia\/wp-json\/wp\/v2\/types\/page"}],"author":[{"embeddable":true,"href":"https:\/\/fpsrriicc.unsa.edu.pe\/psicologia\/wp-json\/wp\/v2\/users\/1"}],"replies":[{"embeddable":true,"href":"https:\/\/fpsrriicc.unsa.edu.pe\/psicologia\/wp-json\/wp\/v2\/comments?post=528"}],"version-history":[{"count":5,"href":"https:\/\/fpsrriicc.unsa.edu.pe\/psicologia\/wp-json\/wp\/v2\/pages\/528\/revisions"}],"predecessor-version":[{"id":1434,"href":"https:\/\/fpsrriicc.unsa.edu.pe\/psicologia\/wp-json\/wp\/v2\/pages\/528\/revisions\/1434"}],"wp:attachment":[{"href":"https:\/\/fpsrriicc.unsa.edu.pe\/psicologia\/wp-json\/wp\/v2\/media?parent=528"}],"curies":[{"name":"wp","href":"https:\/\/api.w.org\/{rel}","templated":true}]}}