{"id":46,"date":"2017-07-03T19:55:14","date_gmt":"2017-07-03T19:55:14","guid":{"rendered":"http:\/\/www2.unsa.edu.pe\/escuelas\/psicologia\/?page_id=46"},"modified":"2018-02-28T16:55:52","modified_gmt":"2018-02-28T21:55:52","slug":"resena-historica","status":"publish","type":"page","link":"https:\/\/fpsrriicc.unsa.edu.pe\/psicologia\/resena-historica\/","title":{"rendered":"Rese\u00f1a hist\u00f3rica"},"content":{"rendered":"<p>En la Academia Lauretana de Arequipa ya se dictaban cursos de Psicolog\u00eda, de modo que fue natural la fundaci\u00f3n en 1955 del Instituto de Filosof\u00eda y Psicolog\u00eda en la Facultad de Letras de la Universidad Nacional de San Agust\u00edn, que despu\u00e9s ser\u00eda el Instituto de Psicolog\u00eda, en 1959.<\/p>\n<p>En 1961 se suspende el funcionamiento del Instituto de Psicolog\u00eda y en 1964 se da su reapertura. Posteriormente en Sesi\u00f3n del Consejo de Facultad de Letras, el 07 de marzo de 1964, se acuerda sustituir el nombre de Instituto por el de Escuela de Psicolog\u00eda.<\/p>\n<p>En 1969, se sustituye el nombre de Escuela por el de Programa Acad\u00e9mico de Psicolog\u00eda. En abril de 1971, el Director del Programa de Humanidades dio cuenta de que el Consejo Ejecutivo resolvi\u00f3 la restructuraci\u00f3n y autonom\u00eda del programa de Psicolog\u00eda, seg\u00fan Resoluci\u00f3n Rectoral del 17 de abril del mismo a\u00f1o.<\/p>\n<p>El Consejo Nacional de la Universidad Peruana \u201cCONUP\u201d, por Resoluci\u00f3n N\u00ba 4660-77-CONUP, resuelve \u201cAprobar la extinci\u00f3n a partir del a\u00f1o 1977 del programa Acad\u00e9mico de Psicolog\u00eda\u201d. Por decisi\u00f3n del Consejo Ejecutivo se extingue as\u00ed el Programa, para convertirlo en una carrera del programa Acad\u00e9mico de Biom\u00e9dicas.<\/p>\n<p>En 1978 el CONUP por Resoluci\u00f3n N\u00ba 680-78 y Resoluci\u00f3n N\u00ba 538-78 C.E. UNSA se restituye el programa y el departamento de Psicolog\u00eda. El 27 de enero de 1984 se presenta el proyecto para la creaci\u00f3n de la Facultad de Psicolog\u00eda, el 09 de marzo de ese mismo a\u00f1o, en el estatuto de la UNSA aparece la creaci\u00f3n de la Facultad de Psicolog\u00eda Relaciones Industriales Y P\u00fablicas.<\/p>\n<p>Actualmente la Facultad est\u00e1 integrada por nuestra Escuela, la de Relaciones Industriales y Ciencias de la Comunicaci\u00f3n<\/p>\n","protected":false},"excerpt":{"rendered":"<p>En la Academia Lauretana de Arequipa ya se dictaban cursos de Psicolog\u00eda, de modo que fue natural la fundaci\u00f3n en 1955 del Instituto de Filosof\u00eda y Psicolog\u00eda en la Facultad de Letras de la Universidad Nacional de San Agust\u00edn, que despu\u00e9s ser\u00eda el Instituto de Psicolog\u00eda, en 1959. En 1961 se suspende el funcionamiento del [&hellip;]<\/p>\n","protected":false},"author":1,"featured_media":0,"parent":0,"menu_order":0,"comment_status":"closed","ping_status":"closed","template":"page-imagen.php","meta":{"_acf_changed":false,"footnotes":""},"class_list":["post-46","page","type-page","status-publish","hentry"],"acf":[],"_links":{"self":[{"href":"https:\/\/fpsrriicc.unsa.edu.pe\/psicologia\/wp-json\/wp\/v2\/pages\/46","targetHints":{"allow":["GET"]}}],"collection":[{"href":"https:\/\/fpsrriicc.unsa.edu.pe\/psicologia\/wp-json\/wp\/v2\/pages"}],"about":[{"href":"https:\/\/fpsrriicc.unsa.edu.pe\/psicologia\/wp-json\/wp\/v2\/types\/page"}],"author":[{"embeddable":true,"href":"https:\/\/fpsrriicc.unsa.edu.pe\/psicologia\/wp-json\/wp\/v2\/users\/1"}],"replies":[{"embeddable":true,"href":"https:\/\/fpsrriicc.unsa.edu.pe\/psicologia\/wp-json\/wp\/v2\/comments?post=46"}],"version-history":[{"count":1,"href":"https:\/\/fpsrriicc.unsa.edu.pe\/psicologia\/wp-json\/wp\/v2\/pages\/46\/revisions"}],"predecessor-version":[{"id":338,"href":"https:\/\/fpsrriicc.unsa.edu.pe\/psicologia\/wp-json\/wp\/v2\/pages\/46\/revisions\/338"}],"wp:attachment":[{"href":"https:\/\/fpsrriicc.unsa.edu.pe\/psicologia\/wp-json\/wp\/v2\/media?parent=46"}],"curies":[{"name":"wp","href":"https:\/\/api.w.org\/{rel}","templated":true}]}}