{"id":184,"date":"2017-07-25T19:10:36","date_gmt":"2017-07-25T19:10:36","guid":{"rendered":"http:\/\/www2.unsa.edu.pe\/escuelas\/psicologia\/?page_id=184"},"modified":"2025-07-14T13:55:54","modified_gmt":"2025-07-14T18:55:54","slug":"infraestructura","status":"publish","type":"page","link":"https:\/\/fpsrriicc.unsa.edu.pe\/psicologia\/infraestructura\/","title":{"rendered":"Infraestructura"},"content":{"rendered":"<p><img loading=\"lazy\" decoding=\"async\" class=\"alignnone size-full wp-image-1488\" src=\"https:\/\/fpsrriicc.unsa.edu.pe\/psicologia\/wp-content\/uploads\/sites\/2\/2025\/07\/20230530_132343-scaled.jpg\" alt=\"\" width=\"1244\" height=\"2560\" srcset=\"https:\/\/fpsrriicc.unsa.edu.pe\/psicologia\/wp-content\/uploads\/sites\/2\/2025\/07\/20230530_132343-scaled.jpg 1244w, https:\/\/fpsrriicc.unsa.edu.pe\/psicologia\/wp-content\/uploads\/sites\/2\/2025\/07\/20230530_132343-768x1580.jpg 768w, https:\/\/fpsrriicc.unsa.edu.pe\/psicologia\/wp-content\/uploads\/sites\/2\/2025\/07\/20230530_132343-747x1536.jpg 747w\" sizes=\"auto, (max-width: 1244px) 100vw, 1244px\" \/><\/p>\n<p><img loading=\"lazy\" decoding=\"async\" class=\"alignnone size-full wp-image-1478\" src=\"https:\/\/fpsrriicc.unsa.edu.pe\/psicologia\/wp-content\/uploads\/sites\/2\/2025\/07\/20230530_131757-scaled.jpg\" alt=\"\" width=\"2560\" height=\"1244\" srcset=\"https:\/\/fpsrriicc.unsa.edu.pe\/psicologia\/wp-content\/uploads\/sites\/2\/2025\/07\/20230530_131757-scaled.jpg 2560w, https:\/\/fpsrriicc.unsa.edu.pe\/psicologia\/wp-content\/uploads\/sites\/2\/2025\/07\/20230530_131757-768x373.jpg 768w, https:\/\/fpsrriicc.unsa.edu.pe\/psicologia\/wp-content\/uploads\/sites\/2\/2025\/07\/20230530_131757-1536x747.jpg 1536w, https:\/\/fpsrriicc.unsa.edu.pe\/psicologia\/wp-content\/uploads\/sites\/2\/2025\/07\/20230530_131757-2048x996.jpg 2048w\" sizes=\"auto, (max-width: 2560px) 100vw, 2560px\" \/><\/p>\n<p><img loading=\"lazy\" decoding=\"async\" class=\"alignnone size-full wp-image-1484\" src=\"https:\/\/fpsrriicc.unsa.edu.pe\/psicologia\/wp-content\/uploads\/sites\/2\/2025\/07\/20230530_132229-scaled.jpg\" alt=\"\" width=\"1244\" height=\"2560\" srcset=\"https:\/\/fpsrriicc.unsa.edu.pe\/psicologia\/wp-content\/uploads\/sites\/2\/2025\/07\/20230530_132229-scaled.jpg 1244w, https:\/\/fpsrriicc.unsa.edu.pe\/psicologia\/wp-content\/uploads\/sites\/2\/2025\/07\/20230530_132229-768x1580.jpg 768w, https:\/\/fpsrriicc.unsa.edu.pe\/psicologia\/wp-content\/uploads\/sites\/2\/2025\/07\/20230530_132229-747x1536.jpg 747w\" sizes=\"auto, (max-width: 1244px) 100vw, 1244px\" \/><\/p>\n<p><img loading=\"lazy\" decoding=\"async\" class=\"alignnone size-full wp-image-1480\" src=\"https:\/\/fpsrriicc.unsa.edu.pe\/psicologia\/wp-content\/uploads\/sites\/2\/2025\/07\/20230530_131906-scaled.jpg\" alt=\"\" width=\"2560\" height=\"1244\" srcset=\"https:\/\/fpsrriicc.unsa.edu.pe\/psicologia\/wp-content\/uploads\/sites\/2\/2025\/07\/20230530_131906-scaled.jpg 2560w, https:\/\/fpsrriicc.unsa.edu.pe\/psicologia\/wp-content\/uploads\/sites\/2\/2025\/07\/20230530_131906-768x373.jpg 768w, https:\/\/fpsrriicc.unsa.edu.pe\/psicologia\/wp-content\/uploads\/sites\/2\/2025\/07\/20230530_131906-1536x747.jpg 1536w, https:\/\/fpsrriicc.unsa.edu.pe\/psicologia\/wp-content\/uploads\/sites\/2\/2025\/07\/20230530_131906-2048x996.jpg 2048w\" sizes=\"auto, (max-width: 2560px) 100vw, 2560px\" \/><\/p>\n<p>&nbsp;<\/p>\n<p style=\"text-align: center\">AUDITORIO<\/p>\n<p><img loading=\"lazy\" decoding=\"async\" class=\"alignnone size-full wp-image-1514\" src=\"https:\/\/fpsrriicc.unsa.edu.pe\/psicologia\/wp-content\/uploads\/sites\/2\/2025\/07\/20250523_113458-scaled.jpg\" alt=\"\" width=\"2560\" height=\"1920\" srcset=\"https:\/\/fpsrriicc.unsa.edu.pe\/psicologia\/wp-content\/uploads\/sites\/2\/2025\/07\/20250523_113458-scaled.jpg 2560w, https:\/\/fpsrriicc.unsa.edu.pe\/psicologia\/wp-content\/uploads\/sites\/2\/2025\/07\/20250523_113458-88x67.jpg 88w, https:\/\/fpsrriicc.unsa.edu.pe\/psicologia\/wp-content\/uploads\/sites\/2\/2025\/07\/20250523_113458-768x576.jpg 768w, https:\/\/fpsrriicc.unsa.edu.pe\/psicologia\/wp-content\/uploads\/sites\/2\/2025\/07\/20250523_113458-1536x1152.jpg 1536w, https:\/\/fpsrriicc.unsa.edu.pe\/psicologia\/wp-content\/uploads\/sites\/2\/2025\/07\/20250523_113458-2048x1536.jpg 2048w\" sizes=\"auto, (max-width: 2560px) 100vw, 2560px\" \/><\/p>\n<p style=\"text-align: center\">CONSULTORIO<\/p>\n<p><img loading=\"lazy\" decoding=\"async\" class=\"alignnone size-full wp-image-1513\" src=\"https:\/\/fpsrriicc.unsa.edu.pe\/psicologia\/wp-content\/uploads\/sites\/2\/2025\/07\/20250407_110627-scaled.jpg\" alt=\"\" width=\"2560\" height=\"1920\" srcset=\"https:\/\/fpsrriicc.unsa.edu.pe\/psicologia\/wp-content\/uploads\/sites\/2\/2025\/07\/20250407_110627-scaled.jpg 2560w, https:\/\/fpsrriicc.unsa.edu.pe\/psicologia\/wp-content\/uploads\/sites\/2\/2025\/07\/20250407_110627-88x67.jpg 88w, https:\/\/fpsrriicc.unsa.edu.pe\/psicologia\/wp-content\/uploads\/sites\/2\/2025\/07\/20250407_110627-768x576.jpg 768w, https:\/\/fpsrriicc.unsa.edu.pe\/psicologia\/wp-content\/uploads\/sites\/2\/2025\/07\/20250407_110627-1536x1152.jpg 1536w, https:\/\/fpsrriicc.unsa.edu.pe\/psicologia\/wp-content\/uploads\/sites\/2\/2025\/07\/20250407_110627-2048x1536.jpg 2048w\" sizes=\"auto, (max-width: 2560px) 100vw, 2560px\" \/><\/p>\n<p style=\"text-align: center\">TUTORIA<\/p>\n<p><img loading=\"lazy\" decoding=\"async\" class=\"alignnone size-full wp-image-1502\" src=\"https:\/\/fpsrriicc.unsa.edu.pe\/psicologia\/wp-content\/uploads\/sites\/2\/2025\/07\/20230530_134529-scaled.jpg\" alt=\"\" width=\"2560\" height=\"1244\" srcset=\"https:\/\/fpsrriicc.unsa.edu.pe\/psicologia\/wp-content\/uploads\/sites\/2\/2025\/07\/20230530_134529-scaled.jpg 2560w, https:\/\/fpsrriicc.unsa.edu.pe\/psicologia\/wp-content\/uploads\/sites\/2\/2025\/07\/20230530_134529-768x373.jpg 768w, https:\/\/fpsrriicc.unsa.edu.pe\/psicologia\/wp-content\/uploads\/sites\/2\/2025\/07\/20230530_134529-1536x747.jpg 1536w, https:\/\/fpsrriicc.unsa.edu.pe\/psicologia\/wp-content\/uploads\/sites\/2\/2025\/07\/20230530_134529-2048x996.jpg 2048w\" sizes=\"auto, (max-width: 2560px) 100vw, 2560px\" \/><\/p>\n<p style=\"text-align: center\">SALA DE PROFESORES<\/p>\n<p><img loading=\"lazy\" decoding=\"async\" class=\"alignnone size-full wp-image-1493\" src=\"https:\/\/fpsrriicc.unsa.edu.pe\/psicologia\/wp-content\/uploads\/sites\/2\/2025\/07\/20230530_132925-scaled.jpg\" alt=\"\" width=\"2560\" height=\"1244\" srcset=\"https:\/\/fpsrriicc.unsa.edu.pe\/psicologia\/wp-content\/uploads\/sites\/2\/2025\/07\/20230530_132925-scaled.jpg 2560w, https:\/\/fpsrriicc.unsa.edu.pe\/psicologia\/wp-content\/uploads\/sites\/2\/2025\/07\/20230530_132925-768x373.jpg 768w, https:\/\/fpsrriicc.unsa.edu.pe\/psicologia\/wp-content\/uploads\/sites\/2\/2025\/07\/20230530_132925-1536x747.jpg 1536w, https:\/\/fpsrriicc.unsa.edu.pe\/psicologia\/wp-content\/uploads\/sites\/2\/2025\/07\/20230530_132925-2048x996.jpg 2048w\" sizes=\"auto, (max-width: 2560px) 100vw, 2560px\" \/><\/p>\n<p style=\"text-align: center\"><strong>AULAS<\/strong><\/p>\n<p style=\"text-align: left\"><img loading=\"lazy\" decoding=\"async\" class=\"alignnone size-full wp-image-1490\" src=\"https:\/\/fpsrriicc.unsa.edu.pe\/psicologia\/wp-content\/uploads\/sites\/2\/2025\/07\/20230530_132652-scaled.jpg\" alt=\"\" width=\"2560\" height=\"1244\" srcset=\"https:\/\/fpsrriicc.unsa.edu.pe\/psicologia\/wp-content\/uploads\/sites\/2\/2025\/07\/20230530_132652-scaled.jpg 2560w, https:\/\/fpsrriicc.unsa.edu.pe\/psicologia\/wp-content\/uploads\/sites\/2\/2025\/07\/20230530_132652-768x373.jpg 768w, https:\/\/fpsrriicc.unsa.edu.pe\/psicologia\/wp-content\/uploads\/sites\/2\/2025\/07\/20230530_132652-1536x747.jpg 1536w, https:\/\/fpsrriicc.unsa.edu.pe\/psicologia\/wp-content\/uploads\/sites\/2\/2025\/07\/20230530_132652-2048x996.jpg 2048w\" sizes=\"auto, (max-width: 2560px) 100vw, 2560px\" \/><img loading=\"lazy\" decoding=\"async\" class=\"alignnone size-full wp-image-1508\" src=\"https:\/\/fpsrriicc.unsa.edu.pe\/psicologia\/wp-content\/uploads\/sites\/2\/2025\/07\/20250416_111940-scaled.jpg\" alt=\"\" width=\"2560\" height=\"1920\" srcset=\"https:\/\/fpsrriicc.unsa.edu.pe\/psicologia\/wp-content\/uploads\/sites\/2\/2025\/07\/20250416_111940-scaled.jpg 2560w, https:\/\/fpsrriicc.unsa.edu.pe\/psicologia\/wp-content\/uploads\/sites\/2\/2025\/07\/20250416_111940-88x67.jpg 88w, https:\/\/fpsrriicc.unsa.edu.pe\/psicologia\/wp-content\/uploads\/sites\/2\/2025\/07\/20250416_111940-768x576.jpg 768w, https:\/\/fpsrriicc.unsa.edu.pe\/psicologia\/wp-content\/uploads\/sites\/2\/2025\/07\/20250416_111940-1536x1152.jpg 1536w, https:\/\/fpsrriicc.unsa.edu.pe\/psicologia\/wp-content\/uploads\/sites\/2\/2025\/07\/20250416_111940-2048x1536.jpg 2048w\" sizes=\"auto, (max-width: 2560px) 100vw, 2560px\" \/><\/p>\n<p style=\"text-align: center\"><strong>C\u00d3MPUTO<\/strong><\/p>\n<p><img loading=\"lazy\" decoding=\"async\" class=\"alignnone size-full wp-image-1512\" src=\"https:\/\/fpsrriicc.unsa.edu.pe\/psicologia\/wp-content\/uploads\/sites\/2\/2025\/07\/20250416_103520-scaled.jpg\" alt=\"\" width=\"2560\" height=\"1920\" srcset=\"https:\/\/fpsrriicc.unsa.edu.pe\/psicologia\/wp-content\/uploads\/sites\/2\/2025\/07\/20250416_103520-scaled.jpg 2560w, https:\/\/fpsrriicc.unsa.edu.pe\/psicologia\/wp-content\/uploads\/sites\/2\/2025\/07\/20250416_103520-88x67.jpg 88w, https:\/\/fpsrriicc.unsa.edu.pe\/psicologia\/wp-content\/uploads\/sites\/2\/2025\/07\/20250416_103520-768x576.jpg 768w, https:\/\/fpsrriicc.unsa.edu.pe\/psicologia\/wp-content\/uploads\/sites\/2\/2025\/07\/20250416_103520-1536x1152.jpg 1536w, https:\/\/fpsrriicc.unsa.edu.pe\/psicologia\/wp-content\/uploads\/sites\/2\/2025\/07\/20250416_103520-2048x1536.jpg 2048w\" sizes=\"auto, (max-width: 2560px) 100vw, 2560px\" \/><\/p>\n<p style=\"text-align: center\">SALA DE ACREDITACI\u00d3N<\/p>\n<p><img loading=\"lazy\" decoding=\"async\" class=\"alignnone size-full wp-image-1498\" src=\"https:\/\/fpsrriicc.unsa.edu.pe\/psicologia\/wp-content\/uploads\/sites\/2\/2025\/07\/20230530_133949-scaled.jpg\" alt=\"\" width=\"2560\" height=\"1244\" srcset=\"https:\/\/fpsrriicc.unsa.edu.pe\/psicologia\/wp-content\/uploads\/sites\/2\/2025\/07\/20230530_133949-scaled.jpg 2560w, https:\/\/fpsrriicc.unsa.edu.pe\/psicologia\/wp-content\/uploads\/sites\/2\/2025\/07\/20230530_133949-768x373.jpg 768w, https:\/\/fpsrriicc.unsa.edu.pe\/psicologia\/wp-content\/uploads\/sites\/2\/2025\/07\/20230530_133949-1536x747.jpg 1536w, https:\/\/fpsrriicc.unsa.edu.pe\/psicologia\/wp-content\/uploads\/sites\/2\/2025\/07\/20230530_133949-2048x996.jpg 2048w\" sizes=\"auto, (max-width: 2560px) 100vw, 2560px\" \/><\/p>\n<p style=\"text-align: center\"><strong>CENTRO DE DOCUMENTACI\u00d3N &#8211; CENDOC<\/strong><\/p>\n<p>&nbsp;<\/p>\n<p><img loading=\"lazy\" decoding=\"async\" class=\"alignnone size-full wp-image-1476\" src=\"https:\/\/fpsrriicc.unsa.edu.pe\/psicologia\/wp-content\/uploads\/sites\/2\/2025\/07\/20230530_131548-scaled.jpg\" alt=\"\" width=\"2560\" height=\"1244\" srcset=\"https:\/\/fpsrriicc.unsa.edu.pe\/psicologia\/wp-content\/uploads\/sites\/2\/2025\/07\/20230530_131548-scaled.jpg 2560w, https:\/\/fpsrriicc.unsa.edu.pe\/psicologia\/wp-content\/uploads\/sites\/2\/2025\/07\/20230530_131548-768x373.jpg 768w, https:\/\/fpsrriicc.unsa.edu.pe\/psicologia\/wp-content\/uploads\/sites\/2\/2025\/07\/20230530_131548-1536x747.jpg 1536w, https:\/\/fpsrriicc.unsa.edu.pe\/psicologia\/wp-content\/uploads\/sites\/2\/2025\/07\/20230530_131548-2048x996.jpg 2048w\" sizes=\"auto, (max-width: 2560px) 100vw, 2560px\" \/><\/p>\n<p>&nbsp;<\/p>\n<p>&nbsp;<\/p>\n<p>&nbsp;<\/p>\n","protected":false},"excerpt":{"rendered":"<p>&nbsp; AUDITORIO CONSULTORIO TUTORIA SALA DE PROFESORES AULAS C\u00d3MPUTO SALA DE ACREDITACI\u00d3N CENTRO DE DOCUMENTACI\u00d3N &#8211; CENDOC &nbsp; &nbsp; &nbsp; &nbsp;<\/p>\n","protected":false},"author":1,"featured_media":1198,"parent":0,"menu_order":0,"comment_status":"closed","ping_status":"closed","template":"","meta":{"_acf_changed":false,"footnotes":""},"class_list":["post-184","page","type-page","status-publish","has-post-thumbnail","hentry"],"acf":[],"_links":{"self":[{"href":"https:\/\/fpsrriicc.unsa.edu.pe\/psicologia\/wp-json\/wp\/v2\/pages\/184","targetHints":{"allow":["GET"]}}],"collection":[{"href":"https:\/\/fpsrriicc.unsa.edu.pe\/psicologia\/wp-json\/wp\/v2\/pages"}],"about":[{"href":"https:\/\/fpsrriicc.unsa.edu.pe\/psicologia\/wp-json\/wp\/v2\/types\/page"}],"author":[{"embeddable":true,"href":"https:\/\/fpsrriicc.unsa.edu.pe\/psicologia\/wp-json\/wp\/v2\/users\/1"}],"replies":[{"embeddable":true,"href":"https:\/\/fpsrriicc.unsa.edu.pe\/psicologia\/wp-json\/wp\/v2\/comments?post=184"}],"version-history":[{"count":22,"href":"https:\/\/fpsrriicc.unsa.edu.pe\/psicologia\/wp-json\/wp\/v2\/pages\/184\/revisions"}],"predecessor-version":[{"id":1524,"href":"https:\/\/fpsrriicc.unsa.edu.pe\/psicologia\/wp-json\/wp\/v2\/pages\/184\/revisions\/1524"}],"wp:featuredmedia":[{"embeddable":true,"href":"https:\/\/fpsrriicc.unsa.edu.pe\/psicologia\/wp-json\/wp\/v2\/media\/1198"}],"wp:attachment":[{"href":"https:\/\/fpsrriicc.unsa.edu.pe\/psicologia\/wp-json\/wp\/v2\/media?parent=184"}],"curies":[{"name":"wp","href":"https:\/\/api.w.org\/{rel}","templated":true}]}}