{"id":1443,"date":"2025-07-13T19:33:24","date_gmt":"2025-07-14T00:33:24","guid":{"rendered":"https:\/\/fpsrriicc.unsa.edu.pe\/psicologia\/?page_id=1443"},"modified":"2025-09-29T11:36:15","modified_gmt":"2025-09-29T16:36:15","slug":"departamento-academico","status":"publish","type":"page","link":"https:\/\/fpsrriicc.unsa.edu.pe\/psicologia\/departamento-academico\/","title":{"rendered":"Departamento Acad\u00e9mico de Psicolog\u00eda"},"content":{"rendered":"<p style=\"text-align: center\"><strong>Directora del Departamento Acad\u00e9mico de Psicolog\u00eda<\/strong><\/p>\n<p style=\"text-align: center\"><strong>Dra. Sandra Mar\u00eda Bouroncle Faux<\/strong><\/p>\n<p><img loading=\"lazy\" decoding=\"async\" class=\"aligncenter wp-image-1546 size-medium\" src=\"https:\/\/fpsrriicc.unsa.edu.pe\/psicologia\/wp-content\/uploads\/sites\/2\/2025\/09\/Captura-desde-2025-07-14-20-22-03-360x203.png\" alt=\"\" width=\"360\" height=\"203\" \/><\/p>\n<p>&nbsp;<\/p>\n<p>&nbsp;<\/p>\n<p style=\"text-align: center\">Secretaria del Departamento Acad\u00e9mico de Psicologia<\/p>\n<p style=\"text-align: center\"><img loading=\"lazy\" decoding=\"async\" class=\"alignnone size-medium wp-image-1547\" src=\"https:\/\/fpsrriicc.unsa.edu.pe\/psicologia\/wp-content\/uploads\/sites\/2\/2025\/09\/Captura-desde-2025-07-14-20-23-17-360x203.png\" alt=\"\" width=\"360\" height=\"203\" \/><\/p>\n<p style=\"text-align: center\">Maria Cecilia Oporto Apaza<\/p>\n","protected":false},"excerpt":{"rendered":"<p>Directora del Departamento Acad\u00e9mico de Psicolog\u00eda Dra. Sandra Mar\u00eda Bouroncle Faux &nbsp; &nbsp; Secretaria del Departamento Acad\u00e9mico de Psicologia Maria Cecilia Oporto Apaza<\/p>\n","protected":false},"author":8,"featured_media":0,"parent":0,"menu_order":0,"comment_status":"closed","ping_status":"closed","template":"","meta":{"_acf_changed":false,"footnotes":""},"class_list":["post-1443","page","type-page","status-publish","hentry"],"acf":[],"_links":{"self":[{"href":"https:\/\/fpsrriicc.unsa.edu.pe\/psicologia\/wp-json\/wp\/v2\/pages\/1443","targetHints":{"allow":["GET"]}}],"collection":[{"href":"https:\/\/fpsrriicc.unsa.edu.pe\/psicologia\/wp-json\/wp\/v2\/pages"}],"about":[{"href":"https:\/\/fpsrriicc.unsa.edu.pe\/psicologia\/wp-json\/wp\/v2\/types\/page"}],"author":[{"embeddable":true,"href":"https:\/\/fpsrriicc.unsa.edu.pe\/psicologia\/wp-json\/wp\/v2\/users\/8"}],"replies":[{"embeddable":true,"href":"https:\/\/fpsrriicc.unsa.edu.pe\/psicologia\/wp-json\/wp\/v2\/comments?post=1443"}],"version-history":[{"count":7,"href":"https:\/\/fpsrriicc.unsa.edu.pe\/psicologia\/wp-json\/wp\/v2\/pages\/1443\/revisions"}],"predecessor-version":[{"id":1550,"href":"https:\/\/fpsrriicc.unsa.edu.pe\/psicologia\/wp-json\/wp\/v2\/pages\/1443\/revisions\/1550"}],"wp:attachment":[{"href":"https:\/\/fpsrriicc.unsa.edu.pe\/psicologia\/wp-json\/wp\/v2\/media?parent=1443"}],"curies":[{"name":"wp","href":"https:\/\/api.w.org\/{rel}","templated":true}]}}