{"id":1319,"date":"2025-03-07T07:14:53","date_gmt":"2025-03-07T12:14:53","guid":{"rendered":"https:\/\/fpsrriicc.unsa.edu.pe\/psicologia\/?page_id=1319"},"modified":"2025-03-07T07:18:24","modified_gmt":"2025-03-07T12:18:24","slug":"propositos-del-programa","status":"publish","type":"page","link":"https:\/\/fpsrriicc.unsa.edu.pe\/psicologia\/propositos-del-programa\/","title":{"rendered":"Prop\u00f3sitos del programa"},"content":{"rendered":"<p>Prop\u00f3sitos espec\u00edficos del programa<\/p>\n<p>a) Contribuir en la calidad de la formaci\u00f3n cient\u00edfica y humana de psic\u00f3logos que act\u00faen con \u00e9tica y pensamiento cr\u00edtico.<\/p>\n<p>b) Desarrollar, promover y ejecutar la investigaci\u00f3n cient\u00edfica, tecnol\u00f3gica y human\u00edstica en la escuela profesional de psicolog\u00eda.<\/p>\n<p>c) Desarrollar y promover el bienestar psicol\u00f3gico y la responsabilidad social de la escuela profesional de psicolog\u00eda hacia otros segmentos sociales, actuando multidisciplinariamente y con vocaci\u00f3n de servicio.<\/p>\n<p>d) Promover el desarrollo y la actualizaci\u00f3n docente de alta calidad para la formaci\u00f3n de profesionales \u00edntegros.<\/p>\n","protected":false},"excerpt":{"rendered":"<p>Prop\u00f3sitos espec\u00edficos del programa a) Contribuir en la calidad de la formaci\u00f3n cient\u00edfica y humana de psic\u00f3logos que act\u00faen con \u00e9tica y pensamiento cr\u00edtico. b) Desarrollar, promover y ejecutar la investigaci\u00f3n cient\u00edfica, tecnol\u00f3gica y human\u00edstica en la escuela profesional de psicolog\u00eda. c) Desarrollar y promover el bienestar psicol\u00f3gico y la responsabilidad social de la escuela [&hellip;]<\/p>\n","protected":false},"author":8,"featured_media":0,"parent":0,"menu_order":0,"comment_status":"closed","ping_status":"closed","template":"","meta":{"_acf_changed":false,"footnotes":""},"class_list":["post-1319","page","type-page","status-publish","hentry"],"acf":[],"_links":{"self":[{"href":"https:\/\/fpsrriicc.unsa.edu.pe\/psicologia\/wp-json\/wp\/v2\/pages\/1319","targetHints":{"allow":["GET"]}}],"collection":[{"href":"https:\/\/fpsrriicc.unsa.edu.pe\/psicologia\/wp-json\/wp\/v2\/pages"}],"about":[{"href":"https:\/\/fpsrriicc.unsa.edu.pe\/psicologia\/wp-json\/wp\/v2\/types\/page"}],"author":[{"embeddable":true,"href":"https:\/\/fpsrriicc.unsa.edu.pe\/psicologia\/wp-json\/wp\/v2\/users\/8"}],"replies":[{"embeddable":true,"href":"https:\/\/fpsrriicc.unsa.edu.pe\/psicologia\/wp-json\/wp\/v2\/comments?post=1319"}],"version-history":[{"count":2,"href":"https:\/\/fpsrriicc.unsa.edu.pe\/psicologia\/wp-json\/wp\/v2\/pages\/1319\/revisions"}],"predecessor-version":[{"id":1323,"href":"https:\/\/fpsrriicc.unsa.edu.pe\/psicologia\/wp-json\/wp\/v2\/pages\/1319\/revisions\/1323"}],"wp:attachment":[{"href":"https:\/\/fpsrriicc.unsa.edu.pe\/psicologia\/wp-json\/wp\/v2\/media?parent=1319"}],"curies":[{"name":"wp","href":"https:\/\/api.w.org\/{rel}","templated":true}]}}