{"id":1283,"date":"2024-09-10T10:39:31","date_gmt":"2024-09-10T15:39:31","guid":{"rendered":"https:\/\/fpsrriicc.unsa.edu.pe\/psicologia\/?page_id=1283"},"modified":"2024-09-10T10:44:09","modified_gmt":"2024-09-10T15:44:09","slug":"calidad","status":"publish","type":"page","link":"https:\/\/fpsrriicc.unsa.edu.pe\/psicologia\/calidad\/","title":{"rendered":"Calidad"},"content":{"rendered":"<h1><span style=\"color: #993300\">Pol\u00edtica de Calidad Institucional<\/span><\/h1>\n<p>La Universidad Nacional de San Agust\u00edn de Arequipa garantiza que sus estudiantes de pregrado y posgrado accedan a un servicio educativo universitario de calidad, a trav\u00e9s de la mejora continua de los procesos de ense\u00f1anza aprendizaje, investigaci\u00f3n y responsabilidad social universitaria; el resultado es la formaci\u00f3n integral de profesionales competentes y con valores, que contribuyan al desarrollo sostenible de la regi\u00f3n y del pa\u00eds.<\/p>\n<p>Nos comprometemos a:<\/p>\n<ul>\n<li>Gestionar la propiedad intelectual teniendo como resultado la formaci\u00f3n y especializaci\u00f3n integral de profesionales competentes y con valores<\/li>\n<li>Cumplir con los requisitos y legislaci\u00f3n aplicables, relacionados con nuestros servicios que superen las expectativas de las partes interesadas.<\/li>\n<li>Promover la mejora continua de nuestros procesos de ense\u00f1anza, aprendizaje, investigaci\u00f3n y responsabilidad social universitaria<\/li>\n<li>Fomentar la responsabilidad social y realizar el seguimiento de las percepciones de nuestras partes interesadas respecto a nuestros servicios.<\/li>\n<li>La presente pol\u00edtica es difundida a nuestras partes interesadas, y es revisada de forma peri\u00f3dica para garantizar su idoneidad.<\/li>\n<\/ul>\n<p>HUGO JOSE ROJAS FLORES<br \/>\nRECTOR<br \/>\nAprobada con RCU N\u00b0 0510-2022, emitida el 19 de octubre de 2022.<\/p>\n<div>\n<hr \/>\n<h1><span style=\"color: #993300\">Objetivos del sistema de gesti\u00f3n de calidad<\/span><\/h1>\n<p>La Universidad Nacional de San Agust\u00edn de Arequipa garantiza que sus estudiantes de pregrado y posgrado accedan a un servicio educativo universitario de calidad, a trav\u00e9s de la mejora continua de los procesos de ense\u00f1anza aprendizaje, investigaci\u00f3n y responsabilidad social universitaria; el resultado es la formaci\u00f3n integral de profesionales competentes y con valores, que contribuyan al desarrollo sostenible de la regi\u00f3n y del pa\u00eds.<\/p>\n<p>Nos comprometemos a:<\/p>\n<ol>\n<li>Promover la investigaci\u00f3n a trav\u00e9s de la gesti\u00f3n de los fondos concursables y otros fondos externos a la Universidad<\/li>\n<li>Implementaci\u00f3n del Parque Cient\u00edfico, Institutos y Laboratorios de Investigaci\u00f3n para la comunidad acad\u00e9mica.<\/li>\n<li>Garantizar la gesti\u00f3n de la propiedad intelectual<\/li>\n<li>Fomentar la excelencia mediante la mejora continua en cuanto a la formaci\u00f3n y especializaci\u00f3n Profesional y su contribuci\u00f3n a la sociedad.<\/li>\n<li>Mantener la acreditaci\u00f3n para la mejora continua.<\/li>\n<li>Garantizar el cumplimiento de las condiciones b\u00e1sicas de calidad en la Universidad manteniendo la continuidad del licenciamiento institucional.<\/li>\n<li>Garantizar una cultura de calidad que incluya actividades de responsabilidad social y el seguimiento de la satisfacci\u00f3n de las partes interesadas.<\/li>\n<\/ol>\n<p>HUGO JOSE ROJAS FLORES<br \/>\nRECTOR<br \/>\nAprobada con RCU N\u00b0 0510-2022, emitida el 19 de octubre de 2022.<\/p>\n<\/div>\n","protected":false},"excerpt":{"rendered":"<p>Pol\u00edtica de Calidad Institucional La Universidad Nacional de San Agust\u00edn de Arequipa garantiza que sus estudiantes de pregrado y posgrado accedan a un servicio educativo universitario de calidad, a trav\u00e9s de la mejora continua de los procesos de ense\u00f1anza aprendizaje, investigaci\u00f3n y responsabilidad social universitaria; el resultado es la formaci\u00f3n integral de profesionales competentes y [&hellip;]<\/p>\n","protected":false},"author":4,"featured_media":0,"parent":0,"menu_order":0,"comment_status":"closed","ping_status":"closed","template":"","meta":{"_acf_changed":false,"footnotes":""},"class_list":["post-1283","page","type-page","status-publish","hentry"],"acf":[],"_links":{"self":[{"href":"https:\/\/fpsrriicc.unsa.edu.pe\/psicologia\/wp-json\/wp\/v2\/pages\/1283","targetHints":{"allow":["GET"]}}],"collection":[{"href":"https:\/\/fpsrriicc.unsa.edu.pe\/psicologia\/wp-json\/wp\/v2\/pages"}],"about":[{"href":"https:\/\/fpsrriicc.unsa.edu.pe\/psicologia\/wp-json\/wp\/v2\/types\/page"}],"author":[{"embeddable":true,"href":"https:\/\/fpsrriicc.unsa.edu.pe\/psicologia\/wp-json\/wp\/v2\/users\/4"}],"replies":[{"embeddable":true,"href":"https:\/\/fpsrriicc.unsa.edu.pe\/psicologia\/wp-json\/wp\/v2\/comments?post=1283"}],"version-history":[{"count":2,"href":"https:\/\/fpsrriicc.unsa.edu.pe\/psicologia\/wp-json\/wp\/v2\/pages\/1283\/revisions"}],"predecessor-version":[{"id":1290,"href":"https:\/\/fpsrriicc.unsa.edu.pe\/psicologia\/wp-json\/wp\/v2\/pages\/1283\/revisions\/1290"}],"wp:attachment":[{"href":"https:\/\/fpsrriicc.unsa.edu.pe\/psicologia\/wp-json\/wp\/v2\/media?parent=1283"}],"curies":[{"name":"wp","href":"https:\/\/api.w.org\/{rel}","templated":true}]}}