{"id":113,"date":"2017-07-04T20:38:23","date_gmt":"2017-07-04T20:38:23","guid":{"rendered":"http:\/\/www2.unsa.edu.pe\/escuelas\/psicologia\/?page_id=113"},"modified":"2025-06-11T11:01:45","modified_gmt":"2025-06-11T16:01:45","slug":"personal-docente","status":"publish","type":"page","link":"https:\/\/fpsrriicc.unsa.edu.pe\/psicologia\/personal-docente\/","title":{"rendered":"Personal Docente"},"content":{"rendered":"<p>Personal Docente que presta servicios a la Escuela Profesional:<\/p>\n<table>\n<tbody>\n<tr>\n<td><span style=\"font-weight: 400\">Dr. Walter Ronal Hermoza Romero<\/span><\/td>\n<td><a href=\"mailto:whermoza@unsa.edu.pe\"><span style=\"font-weight: 400\">whermoza@unsa.edu.pe<\/span><\/a><\/td>\n<\/tr>\n<tr>\n<td><span style=\"font-weight: 400\">Dr. Jos\u00e9 \u00c1ngel Rold\u00e1n Humpire\u00a0\u00a0\u00a0\u00a0\u00a0\u00a0\u00a0\u00a0\u00a0\u00a0\u00a0\u00a0\u00a0\u00a0\u00a0\u00a0\u00a0<\/span><\/td>\n<td><a href=\"mailto:jroldanh@unsa.edu.pe\"><span style=\"font-weight: 400\">jroldanh@unsa.edu.pe<\/span><\/a><\/td>\n<\/tr>\n<tr>\n<td><span style=\"font-weight: 400\">Dra. Victoria Aym\u00e9 Barreda Parra<\/span><\/td>\n<td><a href=\"mailto:vbarredapa@unsa.edu.pe\"><span style=\"font-weight: 400\">vbarredapa@unsa.edu.pe<\/span><\/a><\/td>\n<\/tr>\n<tr>\n<td><span style=\"font-weight: 400\">Dra. Ada Frecia Huerta de Bermejo<\/span><\/td>\n<td><a href=\"mailto:ahuerta@unsa.edu.pe\"><span style=\"font-weight: 400\">ahuerta@unsa.edu.pe<\/span><\/a><\/td>\n<\/tr>\n<tr>\n<td><span style=\"font-weight: 400\">Mg. Amparo Patricia Mendoza Beltr\u00e1n<\/span><\/td>\n<td><a href=\"mailto:amendozab@unsa.edu.pe\"><span style=\"font-weight: 400\">amendozab@unsa.edu.pe<\/span><\/a><\/td>\n<\/tr>\n<tr>\n<td><span style=\"font-weight: 400\">Dr. Adalberto Ascu\u00f1a Rivera<\/span><\/td>\n<td><a href=\"mailto:aascuna@unsa.edu.pe\"><span style=\"font-weight: 400\">aascuna@unsa.edu.pe<\/span><\/a><\/td>\n<\/tr>\n<tr>\n<td><span style=\"font-weight: 400\">Dr. Edwin Ricardo Valdivia Carpio<\/span><\/td>\n<td><a href=\"mailto:evaldiviac@unsa.edu.pe\"><span style=\"font-weight: 400\">evaldiviac@unsa.edu.pe<\/span><\/a><\/td>\n<\/tr>\n<tr>\n<td><span style=\"font-weight: 400\">Mg. Nelly Ram\u00edrez Calder\u00f3n<\/span><\/td>\n<td><a href=\"mailto:nramirezc@unsa.edu.pe\"><span style=\"font-weight: 400\">nramirezc@unsa.edu.pe<\/span><\/a><\/td>\n<\/tr>\n<tr>\n<td><span style=\"font-weight: 400\">Dra. Sandra Mar\u00eda Bouroncle Faux<\/span><\/td>\n<td><a href=\"mailto:sbouroncle@unsa.edu.pe\"><span style=\"font-weight: 400\">sbouroncle@unsa.edu.pe<\/span><\/a><\/td>\n<\/tr>\n<tr>\n<td><span style=\"font-weight: 400\">Dra. Norma Candelaria Pe\u00f1a T\u00e9llez<\/span><\/td>\n<td><a href=\"mailto:npenat@unsa.edu.pe\"><span style=\"font-weight: 400\">npenat@unsa.edu.pe<\/span><\/a><\/td>\n<\/tr>\n<tr>\n<td><span style=\"font-weight: 400\">Dra. Luc\u00eda Milagros Denegri Sol\u00eds<\/span><\/td>\n<td><a href=\"mailto:ldenegri@unsa.edu.pe\"><span style=\"font-weight: 400\">ldenegri@unsa.edu.pe<\/span><\/a><\/td>\n<\/tr>\n<tr>\n<td><span style=\"font-weight: 400\">Dra. Yesenia Marisela Casap\u00eda Guzm\u00e1n<\/span><\/td>\n<td><a href=\"mailto:ycasapia@unsa.edu.pe\"><span style=\"font-weight: 400\">ycasapia@unsa.edu.pe<\/span><\/a><\/td>\n<\/tr>\n<tr>\n<td><span style=\"font-weight: 400\">Dra. Luana Candelaria V\u00e1squez Samalvides de Figari<\/span><\/td>\n<td><a href=\"mailto:lvasquezsa@unsa.edu.pe\"><span style=\"font-weight: 400\">lvasquezsa@unsa.edu.pe<\/span><\/a><\/td>\n<\/tr>\n<tr>\n<td><span style=\"font-weight: 400\">Dr. Marcio Fernando Soto A\u00f1ari<\/span><\/td>\n<td><a href=\"mailto:msotoan@unsa.edu.pe\"><span style=\"font-weight: 400\">msotoan@unsa.edu.pe<\/span><\/a><\/td>\n<\/tr>\n<tr>\n<td><span style=\"font-weight: 400\">Dr. Luis Herminio Torres Arce<\/span><\/td>\n<td><a href=\"mailto:ltorresar@unsa.edu.pe\"><span style=\"font-weight: 400\">ltorresar@unsa.edu.pe<\/span><\/a><\/td>\n<\/tr>\n<tr>\n<td><span style=\"font-weight: 400\">Dra. Ana Mar\u00eda Corrales Aquice<\/span><\/td>\n<td><a href=\"mailto:acorralesaq@unsa.edu.pe\"><span style=\"font-weight: 400\">acorralesaq@unsa.edu.pe<\/span><\/a><\/td>\n<\/tr>\n<tr>\n<td><span style=\"font-weight: 400\">Mg. Patricia Paola Fern\u00e1ndez Cuadros<\/span><\/td>\n<td><a href=\"mailto:pfernandezc@unsa.edu.pe\"><span style=\"font-weight: 400\">pfernandezc@unsa.edu.pe<\/span><\/a><\/td>\n<\/tr>\n<tr>\n<td><span style=\"font-weight: 400\">Mg. Ver\u00f3nica Milagros Bellido Lazo<\/span><\/td>\n<td><a href=\"mailto:vbellidol@unsa.edu.pe\"><span style=\"font-weight: 400\">vbellidol@unsa.edu.pe<\/span><\/a><\/td>\n<\/tr>\n<tr>\n<td><span style=\"font-weight: 400\">Dra. Sulema Justina Adriazola Corrales<\/span><\/td>\n<td><a href=\"mailto:sadriazola@unsa.edu.pe\"><span style=\"font-weight: 400\">sadriazola@unsa.edu.pe<\/span><\/a><\/td>\n<\/tr>\n<tr>\n<td><span style=\"font-weight: 400\">Dra. Mar\u00eda del Carmen C\u00e1rdenas Z\u00fa\u00f1iga<\/span><\/td>\n<td><a href=\"mailto:mcardenasz@unsa.edu.pe\"><span style=\"font-weight: 400\">mcardenasz@unsa.edu.pe<\/span><\/a><\/td>\n<\/tr>\n<tr>\n<td><span style=\"font-weight: 400\">Mg. V\u00edctor Hugo Rosas Iman<\/span><\/td>\n<td><a href=\"mailto:vrosasi@unsa.edu.pe\"><span style=\"font-weight: 400\">vrosasi@unsa.edu.pe<\/span><\/a><\/td>\n<\/tr>\n<tr>\n<td><span style=\"font-weight: 400\">Dr. Evert Nazaret Apaza Bejarano<\/span><\/td>\n<td><a href=\"mailto:eapazab@unsa.edu.pe\"><span style=\"font-weight: 400\">eapazab@unsa.edu.pe<\/span><\/a><\/td>\n<\/tr>\n<tr>\n<td><span style=\"font-weight: 400\">Dra. Mar\u00eda Elena Rojas Zegarra<\/span><\/td>\n<td><a href=\"mailto:mrojasze@unsa.edu.pe\"><span style=\"font-weight: 400\">mrojasze@unsa.edu.pe<\/span><\/a><\/td>\n<\/tr>\n<tr>\n<td><span style=\"font-weight: 400\">Dra. Jenny Adel\u00ed Geldres Garc\u00eda<\/span><\/td>\n<td><a href=\"mailto:jgeldresga@unsa.edu.pe\"><span style=\"font-weight: 400\">jgeldresga@unsa.edu.pe<\/span><\/a><\/td>\n<\/tr>\n<tr>\n<td><span style=\"font-weight: 400\">Dra. Marlene Alejandra Starke Moscoso<\/span><\/td>\n<td><a href=\"mailto:mstarke@unsa.edu.pe\"><span style=\"font-weight: 400\">mstarke@unsa.edu.pe<\/span><\/a><\/td>\n<\/tr>\n<tr>\n<td><span style=\"font-weight: 400\">Dr. Alonso Manuel Paredes Paredes<\/span><\/td>\n<td><a href=\"mailto:aparedespared@unsa.edu.pe\"><span style=\"font-weight: 400\">aparedespared@unsa.edu.pe<\/span><\/a><\/td>\n<\/tr>\n<tr>\n<td><span style=\"font-weight: 400\">Mg. Yuri F\u00e9lix Ch\u00e1vez Luque<\/span><\/td>\n<td><a href=\"mailto:ychavezlu@unsa.edu.pe\"><span style=\"font-weight: 400\">ychavezlu@unsa.edu.pe<\/span><\/a><\/td>\n<\/tr>\n<tr>\n<td><span style=\"font-weight: 400\">Mg. Giuliana Golda del Carpio Llamoc de Alarc\u00f3n<\/span><\/td>\n<td><a href=\"mailto:gdelcarpiol@unsa.edu.pe\"><span style=\"font-weight: 400\">gdelcarpiol@unsa.edu.pe<\/span><\/a><\/td>\n<\/tr>\n<tr>\n<td><span style=\"font-weight: 400\">Mg. Rub\u00e9n Fernando Palomino Quispe<\/span><\/td>\n<td><a href=\"mailto:rpalominoq@unsa.edu.pe\"><span style=\"font-weight: 400\">rpalominoq@unsa.edu.pe<\/span><\/a><\/td>\n<\/tr>\n<tr>\n<td><span style=\"font-weight: 400\">Mg. Leonel Roger Revilla Cruz<\/span><\/td>\n<td><a href=\"mailto:lrevillacr@unsa.edu.pe\"><span style=\"font-weight: 400\">lrevillacr@unsa.edu.pe<\/span><\/a><\/td>\n<\/tr>\n<tr>\n<td><span style=\"font-weight: 400\">Dr. Carlos Alberto Arredondo Salas<\/span><\/td>\n<td><a href=\"mailto:carredondos@unsa.edu.pe\"><span style=\"font-weight: 400\">carredondos@unsa.edu.pe<\/span><\/a><\/td>\n<\/tr>\n<tr>\n<td><span style=\"font-weight: 400\">Dra. Mitzi Eliette Oporto Arenas<\/span><\/td>\n<td><a href=\"mailto:moportoar@unsa.edu.pe\"><span style=\"font-weight: 400\">moportoar@unsa.edu.pe<\/span><\/a><\/td>\n<\/tr>\n<tr>\n<td><span style=\"font-weight: 400\">Mg. Ydalia Mar\u00eda Ch\u00e1vez Sanz<\/span><\/td>\n<td><a href=\"mailto:ychavezs@unsa.edu.pe\"><span style=\"font-weight: 400\">ychavezs@unsa.edu.pe<\/span><\/a><\/td>\n<\/tr>\n<tr>\n<td><span style=\"font-weight: 400\">Mg. Ana Alicia Flores Bedregal<\/span><\/td>\n<td><a href=\"mailto:afloresbed@unsa.edu.pe\"><span style=\"font-weight: 400\">afloresbed@unsa.edu.pe<\/span><\/a><\/td>\n<\/tr>\n<tr>\n<td><span style=\"font-weight: 400\">Dra. Saskia Lenka Avenda\u00f1o Orme\u00f1o<\/span><\/td>\n<td><a href=\"mailto:savendano@unsa.edu.pe\"><span style=\"font-weight: 400\">savendano@unsa.edu.pe<\/span><\/a><\/td>\n<\/tr>\n<tr>\n<td><span style=\"font-weight: 400\">Dra. Lita Marianela Quispe Flores<\/span><\/td>\n<td><a href=\"mailto:liquispef@unsa.edu.pe\"><span style=\"font-weight: 400\">liquispef@unsa.edu.pe<\/span><\/a><\/td>\n<\/tr>\n<tr>\n<td><span style=\"font-weight: 400\">Dr. Julio C\u00e9sar Abarca Cordero<\/span><\/td>\n<td><a href=\"mailto:jabarca@unsa.edu.pe\"><span style=\"font-weight: 400\">jabarca@unsa.edu.pe<\/span><\/a><\/td>\n<\/tr>\n<tr>\n<td><span style=\"font-weight: 400\">Dra. Yenny Yessica Asillo Apaza<\/span><\/td>\n<td><a href=\"mailto:yasillo@unsa.edu.pe\"><span style=\"font-weight: 400\">yasillo@unsa.edu.pe<\/span><\/a><\/td>\n<\/tr>\n<tr>\n<td><span style=\"font-weight: 400\">Mg. Nahil Zoila Pumalla Alviz<\/span><\/td>\n<td><a href=\"mailto:npumalla@unsa.edu.pe\"><span style=\"font-weight: 400\">npumalla@unsa.edu.pe<\/span><\/a><\/td>\n<\/tr>\n<tr>\n<td><span style=\"font-weight: 400\">Mg. Sofia Ivonne Villegas Guti\u00e9rrez<\/span><\/td>\n<td><a href=\"mailto:svillegasg@unsa.edu.pe\"><span style=\"font-weight: 400\">svillegasg@unsa.edu.pe<\/span><\/a><\/td>\n<\/tr>\n<tr>\n<td><span style=\"font-weight: 400\">Mg. V\u00edctor Ritchar Yana Calla<\/span><\/td>\n<td><a href=\"mailto:vyanac@unsa.edu.pe\"><span style=\"font-weight: 400\">vyanac@unsa.edu.pe<\/span><\/a><\/td>\n<\/tr>\n<tr>\n<td><span style=\"font-weight: 400\">Dra. Jacinta Gilma Feria Ayta<\/span><\/td>\n<td><a href=\"mailto:jferiaay@unsa.edu.pe\"><span style=\"font-weight: 400\">jferiaay@unsa.edu.pe<\/span><\/a><\/td>\n<\/tr>\n<tr>\n<td><span style=\"font-weight: 400\">Dra. Marcela Leticia Cueva Tejada<\/span><\/td>\n<td><a href=\"mailto:mcuevat@unsa.edu.pe\"><span style=\"font-weight: 400\">mcuevat@unsa.edu.pe<\/span><\/a><\/td>\n<\/tr>\n<tr>\n<td><span style=\"font-weight: 400\">Mg. Andr\u00e9s Fernando Luque Ru\u00edz De Somocurcio<\/span><\/td>\n<td><a href=\"mailto:aluqueru@unsa.edu.pe\"><span style=\"font-weight: 400\">aluqueru@unsa.edu.pe<\/span><\/a><\/td>\n<\/tr>\n<tr>\n<td><span style=\"font-weight: 400\">Mg. Israel El\u00ecas Funes Huizacayna<\/span><\/td>\n<td><a href=\"mailto:ifunes@unsa.edu.pe\"><span style=\"font-weight: 400\">ifunes@unsa.edu.pe<\/span><\/a><\/td>\n<\/tr>\n<tr>\n<td><span style=\"font-weight: 400\">Mg. Fiorella Christy Mamani Alave<\/span><\/td>\n<td><a href=\"mailto:fmamanial@unsa.edu.pe\"><span style=\"font-weight: 400\">fmamanial@unsa.edu.pe<\/span><\/a><\/td>\n<\/tr>\n<tr>\n<td><span style=\"font-weight: 400\">Mg. Carlos Eduardo Perlacios Cruz<\/span><\/td>\n<td><a href=\"mailto:cperlacios@unsa.edu.pe\"><span style=\"font-weight: 400\">cperlacios@unsa.edu.pe<\/span><\/a><\/td>\n<\/tr>\n<tr>\n<td><span style=\"font-weight: 400\">Mg. Flor Vanessa Salazar Hito<\/span><\/td>\n<td><a href=\"mailto:fsalazarh@unsa.edu.pe\"><span style=\"font-weight: 400\">fsalazarh@unsa.edu.pe<\/span><\/a><\/td>\n<\/tr>\n<tr>\n<td><span style=\"font-weight: 400\">Mg. Rosa Luz Gutierrez Guill\u00e9n<\/span><\/td>\n<td><a href=\"mailto:rgutierrezgu@unsa.edu.pe\"><span style=\"font-weight: 400\">rgutierrezgu@unsa.edu.pe<\/span><\/a><\/td>\n<\/tr>\n<tr>\n<td><span style=\"font-weight: 400\">Mg. Vivian R\u00e9gina S\u00e1nchez Peralta<\/span><\/td>\n<td><a href=\"mailto:vsanchezpe@unsa.edu.pe\"><span style=\"font-weight: 400\">vsanchezpe@unsa.edu.pe<\/span><\/a><\/td>\n<\/tr>\n<tr>\n<td><span style=\"font-weight: 400\">Mg. Evelyng Lorena Z\u00fa\u00f1iga Castro<\/span><\/td>\n<td><a href=\"mailto:ezunigaca@unsa.edu.pe\"><span style=\"font-weight: 400\">ezunigaca@unsa.edu.pe<\/span><\/a><\/td>\n<\/tr>\n<tr>\n<td><span style=\"font-weight: 400\">Mg. Karen Fahtel Pinares Flores<\/span><\/td>\n<td><a href=\"mailto:kpinaresf@unsa.edu.pe\"><span style=\"font-weight: 400\">kpinaresf@unsa.edu.pe<\/span><\/a><\/td>\n<\/tr>\n<tr>\n<td><span style=\"font-weight: 400\">Mg. Ver\u00f3nica Toledo Ramos<\/span><\/td>\n<td><a href=\"mailto:vtoledo@unsa.edu.pe\"><span style=\"font-weight: 400\">vtoledo@unsa.edu.pe<\/span><\/a><\/td>\n<\/tr>\n<tr>\n<td><span style=\"font-weight: 400\">Dra. Kelly Giuliana Orbegoso Paredes<\/span><\/td>\n<td><a href=\"mailto:korbegoso@unsa.edu.pe\"><span style=\"font-weight: 400\">korbegoso@unsa.edu.pe<\/span><\/a><\/td>\n<\/tr>\n<tr>\n<td><span style=\"font-weight: 400\">Mg. Carlos Alberto Llerena Meza<\/span><\/td>\n<td><a href=\"mailto:cllerename@unsa.edu.pe\"><span style=\"font-weight: 400\">cllerename@unsa.edu.pe<\/span><\/a><\/td>\n<\/tr>\n<tr>\n<td><span style=\"font-weight: 400\">Mg. Fabiola Viviana Meza Gonzales<\/span><\/td>\n<td><a href=\"mailto:fmezag@unsa.edu.pe\"><span style=\"font-weight: 400\">fmezag@unsa.edu.pe<\/span><\/a><\/td>\n<\/tr>\n<tr>\n<td><span style=\"font-weight: 400\">Mg. Nancy Janett Ochoa Luna<\/span><\/td>\n<td><span style=\"font-weight: 400\">jochoalu@unsa.edu.pe<\/span><\/td>\n<\/tr>\n<tr>\n<td><span style=\"font-weight: 400\">Mg. Edwin Crisostomo Prado Arhuire<\/span><\/td>\n<td><span style=\"font-weight: 400\">eprado@unsa.edu.pe<\/span><\/td>\n<\/tr>\n<tr>\n<td><span style=\"font-weight: 400\">Mg. Cristhian Gregory Nina Chavez<\/span><\/td>\n<td><span style=\"font-weight: 400\">cninac@unsa.edu.pe<\/span><\/td>\n<\/tr>\n<tr>\n<td><span style=\"font-weight: 400\">Mg. Washington C\u00e1rdenas Huarca<\/span><\/td>\n<td><span style=\"font-weight: 400\">wcardenas@unsa.edu.pe<\/span><\/td>\n<\/tr>\n<tr>\n<td><span style=\"font-weight: 400\">Ps. Joshelyn Urday Cuadros\u00a0<\/span><\/td>\n<td><a href=\"mailto:jurdaycu@unsa.edu.pe\"><span style=\"font-weight: 400\">jurdaycu@unsa.edu.pe<\/span><\/a><\/td>\n<\/tr>\n<tr>\n<td><span style=\"font-weight: 400\">Ps. Karen Antuanett Ranilla Arana<\/span><\/td>\n<td><a href=\"mailto:kranillaa@unsa.edu.pe\"><span style=\"font-weight: 400\">kranillaa@unsa.edu.pe<\/span><\/a><\/td>\n<\/tr>\n<tr>\n<td><span style=\"font-weight: 400\">Mg. Danitza Vianney Serruto Rodrigo<\/span><\/td>\n<td><a href=\"mailto:dserruto@unsa.edu.pe\"><span style=\"font-weight: 400\">dserruto@unsa.edu.pe<\/span><\/a><\/td>\n<\/tr>\n<tr>\n<td><span style=\"font-weight: 400\">Ps. Beatriz Estefany Torres Choque<\/span><\/td>\n<td><a href=\"mailto:btorresc@unsa.edu.pe\"><span style=\"font-weight: 400\">btorresc@unsa.edu.pe<\/span><\/a><\/td>\n<\/tr>\n<tr>\n<td><span style=\"font-weight: 400\">Ps. Ciro Edison Cornejo Delgado<\/span><\/td>\n<td><span style=\"font-weight: 400\">ccornejode@unsa.edu.pe<\/span><\/td>\n<\/tr>\n<tr>\n<td><span style=\"font-weight: 400\">Ps. Jose Antonio Ruben\u00a0 Hinojosa Paredes<\/span><\/td>\n<td><span style=\"font-weight: 400\">josehinojosap@gmail.com<\/span><\/td>\n<\/tr>\n<tr>\n<td><span style=\"font-weight: 400\">Ps. Brenda Patricia Apaza Cruz<\/span><\/td>\n<td><a href=\"mailto:bapazacr@unsa.edu.pe\"><span style=\"font-weight: 400\">bapazacr@unsa.edu.pe<\/span><\/a><\/td>\n<\/tr>\n<tr>\n<td><span style=\"font-weight: 400\">Mg. Clemencia Silvia Murgia Vizcardo<\/span><\/td>\n<td><span style=\"font-weight: 400\">cmurguia@unsa.edu.pe<\/span><\/td>\n<\/tr>\n<tr>\n<td><span style=\"font-weight: 400\">Ps. Ruth Maribel Valencia Villanueva<\/span><\/td>\n<td><a href=\"mailto:rvalenciav@unsa.edu.pe\"><span style=\"font-weight: 400\">rvalenciav@unsa.edu.pe<\/span><\/a><\/td>\n<\/tr>\n<tr>\n<td><span style=\"font-weight: 400\">Ps. Rhoyer Quispe Tito<\/span><\/td>\n<td><a href=\"mailto:rquispetit@unsa.edu.pe\"><span style=\"font-weight: 400\">rquispetit@unsa.edu.pe<\/span><\/a><\/td>\n<\/tr>\n<tr>\n<td><span style=\"font-weight: 400\">Ps. Irving Luis Muriel Zamudio<\/span><\/td>\n<td><a href=\"mailto:imuriel@unsa.edu.pe\"><span style=\"font-weight: 400\">imuriel@unsa.edu.pe<\/span><\/a><\/td>\n<\/tr>\n<tr>\n<td><span style=\"font-weight: 400\">Ps. Luis Alfredo Marin Andrade<\/span><\/td>\n<td><a href=\"mailto:marina@unsa.edu.pe\"><span style=\"font-weight: 400\">marina@unsa.edu.pe<\/span><\/a><\/td>\n<\/tr>\n<tr>\n<td><span style=\"font-weight: 400\">Ps. Roger Arce Catal\u00e1n<\/span><\/td>\n<td><a href=\"mailto:rarcecat@unsa.edu.pe\"><span style=\"font-weight: 400\">rarcecat@unsa.edu.pe<\/span><\/a><\/td>\n<\/tr>\n<tr>\n<td><span style=\"font-weight: 400\">Ps. Flora Rocio Hidalgo Ruiz<\/span><\/td>\n<td><a href=\"mailto:fhidalgo@unsa.edu.pe\"><span style=\"font-weight: 400\">fhidalgo@unsa.edu.pe<\/span><\/a><\/td>\n<\/tr>\n<tr>\n<td><span style=\"font-weight: 400\">Mg. Oscar Javier Santos Pacheco<\/span><\/td>\n<td><a href=\"mailto:osantos@unsa.edu.pe\"><span style=\"font-weight: 400\">osantos@unsa.edu.pe<\/span><\/a><\/td>\n<\/tr>\n<\/tbody>\n<\/table>\n<p>&nbsp;<\/p>\n","protected":false},"excerpt":{"rendered":"<p>Personal Docente que presta servicios a la Escuela Profesional: Dr. Walter Ronal Hermoza Romero whermoza@unsa.edu.pe Dr. Jos\u00e9 \u00c1ngel Rold\u00e1n Humpire\u00a0\u00a0\u00a0\u00a0\u00a0\u00a0\u00a0\u00a0\u00a0\u00a0\u00a0\u00a0\u00a0\u00a0\u00a0\u00a0\u00a0 jroldanh@unsa.edu.pe Dra. Victoria Aym\u00e9 Barreda Parra vbarredapa@unsa.edu.pe Dra. Ada Frecia Huerta de Bermejo ahuerta@unsa.edu.pe Mg. Amparo Patricia Mendoza Beltr\u00e1n amendozab@unsa.edu.pe Dr. Adalberto Ascu\u00f1a Rivera aascuna@unsa.edu.pe Dr. Edwin Ricardo Valdivia Carpio evaldiviac@unsa.edu.pe Mg. Nelly Ram\u00edrez Calder\u00f3n [&hellip;]<\/p>\n","protected":false},"author":1,"featured_media":1193,"parent":0,"menu_order":0,"comment_status":"closed","ping_status":"closed","template":"","meta":{"_acf_changed":false,"footnotes":""},"class_list":["post-113","page","type-page","status-publish","has-post-thumbnail","hentry"],"acf":[],"_links":{"self":[{"href":"https:\/\/fpsrriicc.unsa.edu.pe\/psicologia\/wp-json\/wp\/v2\/pages\/113","targetHints":{"allow":["GET"]}}],"collection":[{"href":"https:\/\/fpsrriicc.unsa.edu.pe\/psicologia\/wp-json\/wp\/v2\/pages"}],"about":[{"href":"https:\/\/fpsrriicc.unsa.edu.pe\/psicologia\/wp-json\/wp\/v2\/types\/page"}],"author":[{"embeddable":true,"href":"https:\/\/fpsrriicc.unsa.edu.pe\/psicologia\/wp-json\/wp\/v2\/users\/1"}],"replies":[{"embeddable":true,"href":"https:\/\/fpsrriicc.unsa.edu.pe\/psicologia\/wp-json\/wp\/v2\/comments?post=113"}],"version-history":[{"count":64,"href":"https:\/\/fpsrriicc.unsa.edu.pe\/psicologia\/wp-json\/wp\/v2\/pages\/113\/revisions"}],"predecessor-version":[{"id":1372,"href":"https:\/\/fpsrriicc.unsa.edu.pe\/psicologia\/wp-json\/wp\/v2\/pages\/113\/revisions\/1372"}],"wp:featuredmedia":[{"embeddable":true,"href":"https:\/\/fpsrriicc.unsa.edu.pe\/psicologia\/wp-json\/wp\/v2\/media\/1193"}],"wp:attachment":[{"href":"https:\/\/fpsrriicc.unsa.edu.pe\/psicologia\/wp-json\/wp\/v2\/media?parent=113"}],"curies":[{"name":"wp","href":"https:\/\/api.w.org\/{rel}","templated":true}]}}