{"id":1102,"date":"2021-09-22T19:32:43","date_gmt":"2021-09-23T00:32:43","guid":{"rendered":"https:\/\/fpsrriicc.unsa.edu.pe\/psicologia\/?page_id=1102"},"modified":"2025-07-13T20:07:57","modified_gmt":"2025-07-14T01:07:57","slug":"lineas-de-investigacion","status":"publish","type":"page","link":"https:\/\/fpsrriicc.unsa.edu.pe\/psicologia\/lineas-de-investigacion\/","title":{"rendered":"L\u00edneas de investigaci\u00f3n"},"content":{"rendered":"<p>L\u00edneas de investigaci\u00f3n de la Escuela Profesional de Psicolog\u00eda<\/p>\n<p>RESOLUCI\u00d3N DECANAL N\u00b0 350-2019-F.PS.RR.II.CC.<\/p>\n<ul>\n<li>Psicolog\u00eda B\u00e1sica<\/li>\n<li>Psicolog\u00eda Cl\u00ednica<\/li>\n<li>Psicolog\u00eda Educativa<\/li>\n<li>Psicolog\u00eda Social<\/li>\n<li>Psicolog\u00eda Organizacional<\/li>\n<\/ul>\n","protected":false},"excerpt":{"rendered":"<p>L\u00edneas de investigaci\u00f3n de la Escuela Profesional de Psicolog\u00eda RESOLUCI\u00d3N DECANAL N\u00b0 350-2019-F.PS.RR.II.CC. Psicolog\u00eda B\u00e1sica Psicolog\u00eda Cl\u00ednica Psicolog\u00eda Educativa Psicolog\u00eda Social Psicolog\u00eda Organizacional<\/p>\n","protected":false},"author":4,"featured_media":0,"parent":0,"menu_order":0,"comment_status":"closed","ping_status":"closed","template":"","meta":{"_acf_changed":false,"footnotes":""},"class_list":["post-1102","page","type-page","status-publish","hentry"],"acf":[],"_links":{"self":[{"href":"https:\/\/fpsrriicc.unsa.edu.pe\/psicologia\/wp-json\/wp\/v2\/pages\/1102","targetHints":{"allow":["GET"]}}],"collection":[{"href":"https:\/\/fpsrriicc.unsa.edu.pe\/psicologia\/wp-json\/wp\/v2\/pages"}],"about":[{"href":"https:\/\/fpsrriicc.unsa.edu.pe\/psicologia\/wp-json\/wp\/v2\/types\/page"}],"author":[{"embeddable":true,"href":"https:\/\/fpsrriicc.unsa.edu.pe\/psicologia\/wp-json\/wp\/v2\/users\/4"}],"replies":[{"embeddable":true,"href":"https:\/\/fpsrriicc.unsa.edu.pe\/psicologia\/wp-json\/wp\/v2\/comments?post=1102"}],"version-history":[{"count":5,"href":"https:\/\/fpsrriicc.unsa.edu.pe\/psicologia\/wp-json\/wp\/v2\/pages\/1102\/revisions"}],"predecessor-version":[{"id":1456,"href":"https:\/\/fpsrriicc.unsa.edu.pe\/psicologia\/wp-json\/wp\/v2\/pages\/1102\/revisions\/1456"}],"wp:attachment":[{"href":"https:\/\/fpsrriicc.unsa.edu.pe\/psicologia\/wp-json\/wp\/v2\/media?parent=1102"}],"curies":[{"name":"wp","href":"https:\/\/api.w.org\/{rel}","templated":true}]}}