{"id":1087,"date":"2021-09-15T11:19:10","date_gmt":"2021-09-15T16:19:10","guid":{"rendered":"https:\/\/fpsrriicc.unsa.edu.pe\/psicologia\/?page_id=1087"},"modified":"2025-04-17T12:28:40","modified_gmt":"2025-04-17T17:28:40","slug":"curricula-de-la-escuela","status":"publish","type":"page","link":"https:\/\/fpsrriicc.unsa.edu.pe\/psicologia\/curricula-de-la-escuela\/","title":{"rendered":"Curr\u00edcula de la Escuela"},"content":{"rendered":"<p><a href=\"https:\/\/fpsrriicc.unsa.edu.pe\/psicologia\/wp-content\/uploads\/sites\/2\/2025\/04\/Plan-curricular-2017-1.pdf\"><b>CURR\u00cdCULO DE LA ESCUELA PROFESIONAL DE PSICOLOG\u00cdA<\/b><\/a><\/p>\n<p>RCU 392-2017 APROBACI\u00d3N PLANES DE ESTU<a href=\"https:\/\/fpsrriicc.unsa.edu.pe\/psicologia\/wp-content\/uploads\/sites\/2\/2023\/11\/RCU-392-2017-APROBACION-PLANES-DE-ESTULDIOS-2017-1.pdf\"><img loading=\"lazy\" decoding=\"async\" class=\"alignleft wp-image-1244\" src=\"https:\/\/fpsrriicc.unsa.edu.pe\/psicologia\/wp-content\/uploads\/sites\/2\/2023\/11\/resol.png\" alt=\"\" width=\"454\" height=\"413\" \/><\/a><a href=\"https:\/\/drive.google.com\/file\/d\/1No97Bmc6KKVhfh2mG7ZL_IOP-nTCxIMv\/view?usp=drive_link\"><img loading=\"lazy\" decoding=\"async\" class=\"alignleft wp-image-1245\" src=\"https:\/\/fpsrriicc.unsa.edu.pe\/psicologia\/wp-content\/uploads\/sites\/2\/2023\/11\/resol2.png\" alt=\"\" width=\"447\" height=\"450\" \/><\/a>DIOS 2017<\/p>\n<p>&nbsp;<\/p>\n<p>&nbsp;<\/p>\n<p>&nbsp;<\/p>\n<p>&nbsp;<\/p>\n<p>&nbsp;<\/p>\n<p>&nbsp;<\/p>\n<p>&nbsp;<\/p>\n<p>&nbsp;<\/p>\n<p>&nbsp;<\/p>\n<p>&nbsp;<\/p>\n<p>&nbsp;<\/p>\n<p>&nbsp;<\/p>\n<p>&nbsp;<\/p>\n<p>&nbsp;<\/p>\n<p>&nbsp;<\/p>\n<p>&nbsp;<\/p>\n<p>&nbsp;<\/p>\n<p>&nbsp;<\/p>\n<p>&nbsp;<\/p>\n<p>&nbsp;<\/p>\n<p>&nbsp;<\/p>\n<p>&nbsp;<\/p>\n<p><a href=\"https:\/\/fpsrriicc.unsa.edu.pe\/psicologia\/wp-content\/uploads\/sites\/2\/2025\/04\/Plan-curricular-2017.pdf\">Curr\u00edculo de la Escuela Profesional de Psicolog\u00eda 2017<\/a><\/p>\n<p><a href=\"https:\/\/fpsrriicc.unsa.edu.pe\/psicologia\/wp-content\/uploads\/sites\/2\/2025\/04\/Plan-de-estudios-2025-y-resolucion.pdf\">Aprobaci\u00f3n del Plan de estudios 2025 Escuela profesional de Psicolog\u00eda<\/a><\/p>\n","protected":false},"excerpt":{"rendered":"<p>CURR\u00cdCULO DE LA ESCUELA PROFESIONAL DE PSICOLOG\u00cdA RCU 392-2017 APROBACI\u00d3N PLANES DE ESTUDIOS 2017 &nbsp; &nbsp; &nbsp; &nbsp; &nbsp; &nbsp; &nbsp; &nbsp; &nbsp; &nbsp; &nbsp; &nbsp; &nbsp; &nbsp; &nbsp; &nbsp; &nbsp; &nbsp; &nbsp; &nbsp; &nbsp; &nbsp; Curr\u00edculo de la Escuela Profesional de Psicolog\u00eda 2017 Aprobaci\u00f3n del Plan de estudios 2025 Escuela profesional de Psicolog\u00eda<\/p>\n","protected":false},"author":4,"featured_media":0,"parent":0,"menu_order":0,"comment_status":"closed","ping_status":"closed","template":"","meta":{"_acf_changed":false,"footnotes":""},"class_list":["post-1087","page","type-page","status-publish","hentry"],"acf":[],"_links":{"self":[{"href":"https:\/\/fpsrriicc.unsa.edu.pe\/psicologia\/wp-json\/wp\/v2\/pages\/1087","targetHints":{"allow":["GET"]}}],"collection":[{"href":"https:\/\/fpsrriicc.unsa.edu.pe\/psicologia\/wp-json\/wp\/v2\/pages"}],"about":[{"href":"https:\/\/fpsrriicc.unsa.edu.pe\/psicologia\/wp-json\/wp\/v2\/types\/page"}],"author":[{"embeddable":true,"href":"https:\/\/fpsrriicc.unsa.edu.pe\/psicologia\/wp-json\/wp\/v2\/users\/4"}],"replies":[{"embeddable":true,"href":"https:\/\/fpsrriicc.unsa.edu.pe\/psicologia\/wp-json\/wp\/v2\/comments?post=1087"}],"version-history":[{"count":17,"href":"https:\/\/fpsrriicc.unsa.edu.pe\/psicologia\/wp-json\/wp\/v2\/pages\/1087\/revisions"}],"predecessor-version":[{"id":1281,"href":"https:\/\/fpsrriicc.unsa.edu.pe\/psicologia\/wp-json\/wp\/v2\/pages\/1087\/revisions\/1281"}],"wp:attachment":[{"href":"https:\/\/fpsrriicc.unsa.edu.pe\/psicologia\/wp-json\/wp\/v2\/media?parent=1087"}],"curies":[{"name":"wp","href":"https:\/\/api.w.org\/{rel}","templated":true}]}}