{"id":2027,"date":"2025-03-12T11:26:56","date_gmt":"2025-03-12T16:26:56","guid":{"rendered":"https:\/\/fpsrriicc.unsa.edu.pe\/ciecomunicacion\/?page_id=2027"},"modified":"2025-03-12T11:34:15","modified_gmt":"2025-03-12T16:34:15","slug":"reglamentos","status":"publish","type":"page","link":"https:\/\/fpsrriicc.unsa.edu.pe\/ciecomunicacion\/reglamentos\/","title":{"rendered":"REGLAMENTOS"},"content":{"rendered":"<p>La Escuela Profesional de Ciencias de la Comunicaci\u00f3n cuenta con los siguientes Reglamentos:<\/p>\n<ul>\n<li><a href=\"https:\/\/fpsrriicc.unsa.edu.pe\/ciecomunicacion\/wp-content\/uploads\/sites\/4\/2025\/03\/REGLAMENTO-DE-CONVIVENCIA-DE-LA-ESCUELA-PROFESIONAL-DE-CIENCIAS-DE-LA-COMUNICACION.pdf\">REGLAMENTO DE CONVIVENCIA DE LA ESCUELA PROFESIONAL DE CIENCIAS DE LA COMUNICACI\u00d2N<\/a><\/li>\n<li><a href=\"https:\/\/fpsrriicc.unsa.edu.pe\/ciecomunicacion\/wp-content\/uploads\/sites\/4\/2025\/03\/REGLAMENTO-DE-PRACTICAS-PREPROFESIONALES-DE-PERIODISMO.pdf\">REGLAMENTO DE PR\u00c1CTICAS PREPROFESIONALES DE PERIODISMO<\/a><\/li>\n<li><a href=\"https:\/\/fpsrriicc.unsa.edu.pe\/ciecomunicacion\/wp-content\/uploads\/sites\/4\/2025\/03\/REGLAMENTO-DE-PRACTICAS-PREPROFESIONALES-DE-RELACIONES-PUBLICAS.pdf\">REGLAMENTO DE PR\u00c1CTICAS PREPROFESIONALES DE RELACIONES P\u00daBLICAS<\/a><\/li>\n<\/ul>\n","protected":false},"excerpt":{"rendered":"<p>La Escuela Profesional de Ciencias de la Comunicaci\u00f3n cuenta con los siguientes Reglamentos: REGLAMENTO DE CONVIVENCIA DE LA ESCUELA PROFESIONAL DE CIENCIAS DE LA COMUNICACI\u00d2N REGLAMENTO DE PR\u00c1CTICAS PREPROFESIONALES DE PERIODISMO REGLAMENTO DE PR\u00c1CTICAS PREPROFESIONALES DE RELACIONES P\u00daBLICAS<\/p>\n","protected":false},"author":4,"featured_media":0,"parent":0,"menu_order":0,"comment_status":"closed","ping_status":"closed","template":"","meta":{"_acf_changed":false,"footnotes":""},"class_list":["post-2027","page","type-page","status-publish","hentry"],"acf":[],"_links":{"self":[{"href":"https:\/\/fpsrriicc.unsa.edu.pe\/ciecomunicacion\/wp-json\/wp\/v2\/pages\/2027","targetHints":{"allow":["GET"]}}],"collection":[{"href":"https:\/\/fpsrriicc.unsa.edu.pe\/ciecomunicacion\/wp-json\/wp\/v2\/pages"}],"about":[{"href":"https:\/\/fpsrriicc.unsa.edu.pe\/ciecomunicacion\/wp-json\/wp\/v2\/types\/page"}],"author":[{"embeddable":true,"href":"https:\/\/fpsrriicc.unsa.edu.pe\/ciecomunicacion\/wp-json\/wp\/v2\/users\/4"}],"replies":[{"embeddable":true,"href":"https:\/\/fpsrriicc.unsa.edu.pe\/ciecomunicacion\/wp-json\/wp\/v2\/comments?post=2027"}],"version-history":[{"count":3,"href":"https:\/\/fpsrriicc.unsa.edu.pe\/ciecomunicacion\/wp-json\/wp\/v2\/pages\/2027\/revisions"}],"predecessor-version":[{"id":2040,"href":"https:\/\/fpsrriicc.unsa.edu.pe\/ciecomunicacion\/wp-json\/wp\/v2\/pages\/2027\/revisions\/2040"}],"wp:attachment":[{"href":"https:\/\/fpsrriicc.unsa.edu.pe\/ciecomunicacion\/wp-json\/wp\/v2\/media?parent=2027"}],"curies":[{"name":"wp","href":"https:\/\/api.w.org\/{rel}","templated":true}]}}