{"id":1890,"date":"2021-11-20T07:02:02","date_gmt":"2021-11-20T12:02:02","guid":{"rendered":"https:\/\/fpsrriicc.unsa.edu.pe\/ciecomunicacion\/?page_id=1890"},"modified":"2021-11-20T07:06:02","modified_gmt":"2021-11-20T12:06:02","slug":"competencias-programa-de-relaciones-publicas","status":"publish","type":"page","link":"https:\/\/fpsrriicc.unsa.edu.pe\/ciecomunicacion\/competencias-programa-de-relaciones-publicas\/","title":{"rendered":"Competencias Programa de Relaciones P\u00fablicas"},"content":{"rendered":"<p><u><b>COMPETENCIAS GENERALES<\/b><\/u><\/p>\n<p><b>CG\u00a0<\/b><b>1<\/b>. Conoce, comprende y utiliza los distintos paradigmas de la investigaci\u00f3n y las teor\u00edas de la comunicaci\u00f3n, para desarrollar investigaciones de car\u00e1cter cient\u00edfico, que responda a lineamientos internacionales, orientadas a tratar tanto la problem\u00e1tica de las Relaciones P\u00fablicas como de la sociedad, contribuyendo a su progreso en el marco de respeto a los derechos humanos.<\/p>\n<p><b>CG 2<\/b>. Utiliza las nuevas tecnolog\u00edas de la informaci\u00f3n y comunicaci\u00f3n social, tanto para producir como para publicar trabajos de Relaciones P\u00fablicas de calidad que contribuyan a mejorar la comunicaci\u00f3n p\u00fablica y regular los procesos democr\u00e1ticos en la sociedad, asumiendo con responsabilidad social y ambiental.<\/p>\n<p><b>CG 3<\/b>. Genera procesos de comunicaci\u00f3n p\u00fablica, en los que se trata los distintos problemas que aquejan a la ciudadan\u00eda, analizando el contexto socioecon\u00f3mico y asumiendo una perspectiva cr\u00edtica, plural y \u00e9tica.<\/p>\n<p><u><b>COMPETENCIAS ESPEC\u00cdFICAS<\/b><\/u><\/p>\n<p><b>CE.1<\/b>\u00a0Aplica los fundamentos te\u00f3ricos de la comunicaci\u00f3n en relaciones p\u00fablicas, modelos y tendencias, para investigar cient\u00edficamente, organizar planes estrat\u00e9gicos de comunicaci\u00f3n en diferentes escenarios organizacionales con metodolog\u00edas apropiadas, con car\u00e1cter y prop\u00f3sitos de dar soluci\u00f3n a los problemas de comunicaci\u00f3n.<\/p>\n<p><b>CE.2<\/b>\u00a0Gestiona las Relaciones P\u00fablicas como elemento clave y vital del \u00e9xito organizacional utilizando diferentes medios, herramientas y t\u00e9cnicas de comunicaci\u00f3n con una actitud prospectiva y cr\u00edtica, respetando principios \u00e9ticos.<\/p>\n<p><b>CE.3<\/b>\u00a0Desarrolla y ejecuta planes de Marketing y Publicidad contribuyendo al desarrollo de las instituciones, fijando objetivos comunicacionales con \u00e9tica profesional.<\/p>\n<p><b>CE.4<\/b>\u00a0Promueve la responsabilidad social y las Relaciones Comunitarias de las organizaciones y establece relaciones de respeto, colaboraci\u00f3n y responsabilidad con la comunidad y otras instituciones del estado y la sociedad civil tanto a nivel individual como a nivel grupal.<\/p>\n","protected":false},"excerpt":{"rendered":"<p>COMPETENCIAS GENERALES CG\u00a01. Conoce, comprende y utiliza los distintos paradigmas de la investigaci\u00f3n y las teor\u00edas de la comunicaci\u00f3n, para desarrollar investigaciones de car\u00e1cter cient\u00edfico, que responda a lineamientos internacionales, orientadas a tratar tanto la problem\u00e1tica de las Relaciones P\u00fablicas como de la sociedad, contribuyendo a su progreso en el marco de respeto a los [&hellip;]<\/p>\n","protected":false},"author":7,"featured_media":0,"parent":0,"menu_order":0,"comment_status":"closed","ping_status":"closed","template":"","meta":{"_acf_changed":false,"footnotes":""},"class_list":["post-1890","page","type-page","status-publish","hentry"],"acf":[],"_links":{"self":[{"href":"https:\/\/fpsrriicc.unsa.edu.pe\/ciecomunicacion\/wp-json\/wp\/v2\/pages\/1890","targetHints":{"allow":["GET"]}}],"collection":[{"href":"https:\/\/fpsrriicc.unsa.edu.pe\/ciecomunicacion\/wp-json\/wp\/v2\/pages"}],"about":[{"href":"https:\/\/fpsrriicc.unsa.edu.pe\/ciecomunicacion\/wp-json\/wp\/v2\/types\/page"}],"author":[{"embeddable":true,"href":"https:\/\/fpsrriicc.unsa.edu.pe\/ciecomunicacion\/wp-json\/wp\/v2\/users\/7"}],"replies":[{"embeddable":true,"href":"https:\/\/fpsrriicc.unsa.edu.pe\/ciecomunicacion\/wp-json\/wp\/v2\/comments?post=1890"}],"version-history":[{"count":2,"href":"https:\/\/fpsrriicc.unsa.edu.pe\/ciecomunicacion\/wp-json\/wp\/v2\/pages\/1890\/revisions"}],"predecessor-version":[{"id":1892,"href":"https:\/\/fpsrriicc.unsa.edu.pe\/ciecomunicacion\/wp-json\/wp\/v2\/pages\/1890\/revisions\/1892"}],"wp:attachment":[{"href":"https:\/\/fpsrriicc.unsa.edu.pe\/ciecomunicacion\/wp-json\/wp\/v2\/media?parent=1890"}],"curies":[{"name":"wp","href":"https:\/\/api.w.org\/{rel}","templated":true}]}}