{"id":1697,"date":"2020-06-15T13:54:04","date_gmt":"2020-06-15T18:54:04","guid":{"rendered":"https:\/\/fpsrriicc.unsa.edu.pe\/ciecomunicacion\/?page_id=1697"},"modified":"2021-11-19T23:38:20","modified_gmt":"2021-11-20T04:38:20","slug":"campo-ocupacional-2","status":"publish","type":"page","link":"https:\/\/fpsrriicc.unsa.edu.pe\/ciecomunicacion\/campo-ocupacional-2\/","title":{"rendered":"Campo Ocupacional  de Relaciones P\u00fablicas"},"content":{"rendered":"<p>Se podr\u00e1 desempe\u00f1ar en empresas grandes, medianas, o peque\u00f1as, locales, regionales, nacionales e internacionales, as\u00ed como en instituciones de tipo cultural, educativo, religioso, de salud, pol\u00edtico, de gobierno y en asuntos de orden social y comunitario. Estar\u00e1 capacitado para desempe\u00f1arse administrando y gerenciando la comunicaci\u00f3n interna y externa, comunicaci\u00f3n de productos y servicios, producci\u00f3n de eventos e implementaci\u00f3n de protocolos, publicidad y marketing, asesoramiento a las empresas y sus directivos, pol\u00edtica, medios de comunicaci\u00f3n y consultor\u00eda de marketing. Tendr\u00e1 la capacidad gerencial para formar su propia empresa.<\/p>\n","protected":false},"excerpt":{"rendered":"<p>Se podr\u00e1 desempe\u00f1ar en empresas grandes, medianas, o peque\u00f1as, locales, regionales, nacionales e internacionales, as\u00ed como en instituciones de tipo cultural, educativo, religioso, de salud, pol\u00edtico, de gobierno y en asuntos de orden social y comunitario. Estar\u00e1 capacitado para desempe\u00f1arse administrando y gerenciando la comunicaci\u00f3n interna y externa, comunicaci\u00f3n de productos y servicios, producci\u00f3n de [&hellip;]<\/p>\n","protected":false},"author":7,"featured_media":1828,"parent":0,"menu_order":0,"comment_status":"closed","ping_status":"closed","template":"","meta":{"_acf_changed":false,"footnotes":""},"class_list":["post-1697","page","type-page","status-publish","has-post-thumbnail","hentry"],"acf":[],"_links":{"self":[{"href":"https:\/\/fpsrriicc.unsa.edu.pe\/ciecomunicacion\/wp-json\/wp\/v2\/pages\/1697","targetHints":{"allow":["GET"]}}],"collection":[{"href":"https:\/\/fpsrriicc.unsa.edu.pe\/ciecomunicacion\/wp-json\/wp\/v2\/pages"}],"about":[{"href":"https:\/\/fpsrriicc.unsa.edu.pe\/ciecomunicacion\/wp-json\/wp\/v2\/types\/page"}],"author":[{"embeddable":true,"href":"https:\/\/fpsrriicc.unsa.edu.pe\/ciecomunicacion\/wp-json\/wp\/v2\/users\/7"}],"replies":[{"embeddable":true,"href":"https:\/\/fpsrriicc.unsa.edu.pe\/ciecomunicacion\/wp-json\/wp\/v2\/comments?post=1697"}],"version-history":[{"count":3,"href":"https:\/\/fpsrriicc.unsa.edu.pe\/ciecomunicacion\/wp-json\/wp\/v2\/pages\/1697\/revisions"}],"predecessor-version":[{"id":1829,"href":"https:\/\/fpsrriicc.unsa.edu.pe\/ciecomunicacion\/wp-json\/wp\/v2\/pages\/1697\/revisions\/1829"}],"wp:featuredmedia":[{"embeddable":true,"href":"https:\/\/fpsrriicc.unsa.edu.pe\/ciecomunicacion\/wp-json\/wp\/v2\/media\/1828"}],"wp:attachment":[{"href":"https:\/\/fpsrriicc.unsa.edu.pe\/ciecomunicacion\/wp-json\/wp\/v2\/media?parent=1697"}],"curies":[{"name":"wp","href":"https:\/\/api.w.org\/{rel}","templated":true}]}}