{"id":1696,"date":"2020-06-15T13:54:04","date_gmt":"2020-06-15T18:54:04","guid":{"rendered":"https:\/\/fpsrriicc.unsa.edu.pe\/ciecomunicacion\/?page_id=1696"},"modified":"2021-11-20T07:42:43","modified_gmt":"2021-11-20T12:42:43","slug":"linea-de-investigacion","status":"publish","type":"page","link":"https:\/\/fpsrriicc.unsa.edu.pe\/ciecomunicacion\/linea-de-investigacion\/","title":{"rendered":"LINEAS DE INVESTIGACI\u00d3N"},"content":{"rendered":"<p style=\"text-align: left\"><span style=\"color: #993300\"><strong>1. COMUNICACI\u00d3N EN GRUPOS PRIMARIOS, REDES SOCIALES Y ORGANIZACIONES<\/strong><\/span><br \/>\n1.1. Estrategias de comunicaci\u00f3n en las organizaciones<br \/>\n1.2. Comunicaci\u00f3n, Organizaci\u00f3n y din\u00e1mica de grupos<br \/>\n1.3. Comunicaci\u00f3n integral para el desarrollo y organizaciones<br \/>\n1.4. Gesti\u00f3n de Marketing y su efecto<br \/>\n1.5. An\u00e1lisis y efectos de la comunicaci\u00f3n publicitaria<br \/>\n1.6. Responsabilidad social empresarial y balance social de la poblaci\u00f3n<br \/>\n1.7. Comunicaci\u00f3n, empresa y medio ambiente<br \/>\n1.8. Sistemas administrativos, productivos y organizacionales<br \/>\n1.9. Comunicaci\u00f3n empresarial, consumo y calidad de servicio<br \/>\n1.10. Discurso del comunicador corporativo<br \/>\n1.11. Estrategias de comunicaci\u00f3n en el Turismo<\/p>\n<p style=\"text-align: left\"><span style=\"color: #993300\"><strong>2. LA COMUNICACI\u00d3N P\u00daBLICA EN EL CAMBIO Y DESARROLLO SOCIAL<\/strong><\/span><br \/>\n2.1. Comunicaci\u00f3n Intercultural y Folkcomunicaci\u00f3n<br \/>\n2.2. Relaciones existentes entre comunicaci\u00f3n, movimiento y cambios sociales<br \/>\n2.3. Acci\u00f3n colectiva y participaci\u00f3n mediante la comunicaci\u00f3n<br \/>\n2.4. Nuevas formas de comunicaci\u00f3n y culturas populares<br \/>\n2.5. Papel de la comunicaci\u00f3n en la globalizaci\u00f3n y los cambios emergentes<br \/>\n2.6. Globalizaci\u00f3n, migraciones e intelectualidad<br \/>\n2.7. Identidad, lengua y diversidad cultural<br \/>\n2.8. Programas de interacci\u00f3n educativa<br \/>\n2.9. Comunicaci\u00f3n, pol\u00edticas p\u00fablicas, participaci\u00f3n y exclusi\u00f3n social<br \/>\n2.10. Estructura y contenido de los mensajes comunicacionales<br \/>\n2.11. Procesos de recepci\u00f3n y consumo de mensajes culturales, pol\u00edticos y sociales<br \/>\n2.12. \u00c9tica y responsabilidad en la comunicaci\u00f3n<\/p>\n<p><span style=\"color: #993300\"><strong>3. COMUNIDAD Y TECNOLOG\u00cdAS (TIC)<\/strong><\/span><br \/>\n3.1. La transformaci\u00f3n y los usos de las tecnolog\u00edas de la comunicaci\u00f3n y su relaci\u00f3n con los cambios socioculturales y el desarrollo<br \/>\n3.2. Redes sociales y efectos de las nuevas tecnolog\u00edas (Comunicaci\u00f3n, educaci\u00f3n, organizaci\u00f3n)<br \/>\n3.3. Periodismo Digital, industrias culturales y aplicaciones virtuales<br \/>\n3.4. TIC y medios de comunicaci\u00f3n en la preservaci\u00f3n, conservaci\u00f3n y buen uso de los recursos naturales renovables y no renovables<br \/>\n3.5. Neurocomunicaci\u00f3n y Neuromarketing<br \/>\n3.6. Comunicaci\u00f3n Digital, redes y procesos<br \/>\n3.7. Comunicaci\u00f3n y cultura en medio de la violencia<br \/>\n3.8. Comunicaci\u00f3n y poderes hegem\u00f3nicos<br \/>\n3.9. Ficci\u00f3n televisiva y narrativa transmedia<br \/>\n3.10. Comunicaci\u00f3n audiovisual<\/p>\n<p><span style=\"color: #993300\"><strong>4. TEORIA DE LA COMUNICACI\u00d3N Y CONOCIMIENTO CIENT\u00cdFICO<\/strong><\/span><br \/>\n4.1. Epistemolog\u00eda y teor\u00eda de la comunicaci\u00f3n<br \/>\n4.2. Comunicaci\u00f3n y lenguajes<br \/>\n4.3. Antropolog\u00eda del conocimiento de la comunicaci\u00f3n y teor\u00eda de la cultura<br \/>\n4.4. Escritura, imagen y palabra<br \/>\n4.5. Transformaci\u00f3n hist\u00f3rica de la comunicaci\u00f3n p\u00fablica<br \/>\n4.6. Comunicaci\u00f3n, hominizaci\u00f3n y humanizaci\u00f3n<br \/>\n4.7. Discurso y comunicaci\u00f3n<br \/>\n4.8. Comunicaci\u00f3n y medici\u00f3n social<br \/>\n4.9. Hermen\u00e9utica y comunicaci\u00f3n<\/p>\n","protected":false},"excerpt":{"rendered":"<p>1. COMUNICACI\u00d3N EN GRUPOS PRIMARIOS, REDES SOCIALES Y ORGANIZACIONES 1.1. Estrategias de comunicaci\u00f3n en las organizaciones 1.2. Comunicaci\u00f3n, Organizaci\u00f3n y din\u00e1mica de grupos 1.3. Comunicaci\u00f3n integral para el desarrollo y organizaciones 1.4. Gesti\u00f3n de Marketing y su efecto 1.5. An\u00e1lisis y efectos de la comunicaci\u00f3n publicitaria 1.6. Responsabilidad social empresarial y balance social de la [&hellip;]<\/p>\n","protected":false},"author":7,"featured_media":0,"parent":0,"menu_order":0,"comment_status":"closed","ping_status":"closed","template":"","meta":{"_acf_changed":false,"footnotes":""},"class_list":["post-1696","page","type-page","status-publish","hentry"],"acf":[],"_links":{"self":[{"href":"https:\/\/fpsrriicc.unsa.edu.pe\/ciecomunicacion\/wp-json\/wp\/v2\/pages\/1696","targetHints":{"allow":["GET"]}}],"collection":[{"href":"https:\/\/fpsrriicc.unsa.edu.pe\/ciecomunicacion\/wp-json\/wp\/v2\/pages"}],"about":[{"href":"https:\/\/fpsrriicc.unsa.edu.pe\/ciecomunicacion\/wp-json\/wp\/v2\/types\/page"}],"author":[{"embeddable":true,"href":"https:\/\/fpsrriicc.unsa.edu.pe\/ciecomunicacion\/wp-json\/wp\/v2\/users\/7"}],"replies":[{"embeddable":true,"href":"https:\/\/fpsrriicc.unsa.edu.pe\/ciecomunicacion\/wp-json\/wp\/v2\/comments?post=1696"}],"version-history":[{"count":6,"href":"https:\/\/fpsrriicc.unsa.edu.pe\/ciecomunicacion\/wp-json\/wp\/v2\/pages\/1696\/revisions"}],"predecessor-version":[{"id":1899,"href":"https:\/\/fpsrriicc.unsa.edu.pe\/ciecomunicacion\/wp-json\/wp\/v2\/pages\/1696\/revisions\/1899"}],"wp:attachment":[{"href":"https:\/\/fpsrriicc.unsa.edu.pe\/ciecomunicacion\/wp-json\/wp\/v2\/media?parent=1696"}],"curies":[{"name":"wp","href":"https:\/\/api.w.org\/{rel}","templated":true}]}}