{"id":1695,"date":"2020-06-15T13:54:04","date_gmt":"2020-06-15T18:54:04","guid":{"rendered":"https:\/\/fpsrriicc.unsa.edu.pe\/ciecomunicacion\/?page_id=1695"},"modified":"2025-06-19T13:45:04","modified_gmt":"2025-06-19T18:45:04","slug":"objetivos-educacionales-de-periodismo","status":"publish","type":"page","link":"https:\/\/fpsrriicc.unsa.edu.pe\/ciecomunicacion\/objetivos-educacionales-de-periodismo\/","title":{"rendered":"Objetivos Educacionales de Periodismo"},"content":{"rendered":"<ol>\n<li>Desarrollar la capacidad de formular mensajes, formatos y proyectos comunicativos originales que exploten las posibilidades de cada soporte, para los distintos medios y plataformas informativas.<\/li>\n<li>Aplicar conceptos te\u00f3rico-pr\u00e1cticos de la comunicaci\u00f3n para el desempe\u00f1o de tareas period\u00edsticas con \u00e9tica y responsabilidad social.<\/li>\n<li>Comprender los efectos comunicol\u00f3gicos en los individuos y grupos sociales con un objetivo transparente.<\/li>\n<li>Aplicar las particularidades de la cultura digital y comprender las transformaciones que esta tecnolog\u00eda genera en el escenario comunicativo social.<\/li>\n<li>Desarrollar capacidades de producci\u00f3n en los diferentes medios con solvencia,<br \/>\nrigor y profesionalismo.<\/li>\n<\/ol>\n","protected":false},"excerpt":{"rendered":"<p>Desarrollar la capacidad de formular mensajes, formatos y proyectos comunicativos originales que exploten las posibilidades de cada soporte, para los distintos medios y plataformas informativas. Aplicar conceptos te\u00f3rico-pr\u00e1cticos de la comunicaci\u00f3n para el desempe\u00f1o de tareas period\u00edsticas con \u00e9tica y responsabilidad social. Comprender los efectos comunicol\u00f3gicos en los individuos y grupos sociales con un objetivo [&hellip;]<\/p>\n","protected":false},"author":7,"featured_media":0,"parent":0,"menu_order":0,"comment_status":"closed","ping_status":"closed","template":"","meta":{"_acf_changed":false,"footnotes":""},"class_list":["post-1695","page","type-page","status-publish","hentry"],"acf":[],"_links":{"self":[{"href":"https:\/\/fpsrriicc.unsa.edu.pe\/ciecomunicacion\/wp-json\/wp\/v2\/pages\/1695","targetHints":{"allow":["GET"]}}],"collection":[{"href":"https:\/\/fpsrriicc.unsa.edu.pe\/ciecomunicacion\/wp-json\/wp\/v2\/pages"}],"about":[{"href":"https:\/\/fpsrriicc.unsa.edu.pe\/ciecomunicacion\/wp-json\/wp\/v2\/types\/page"}],"author":[{"embeddable":true,"href":"https:\/\/fpsrriicc.unsa.edu.pe\/ciecomunicacion\/wp-json\/wp\/v2\/users\/7"}],"replies":[{"embeddable":true,"href":"https:\/\/fpsrriicc.unsa.edu.pe\/ciecomunicacion\/wp-json\/wp\/v2\/comments?post=1695"}],"version-history":[{"count":6,"href":"https:\/\/fpsrriicc.unsa.edu.pe\/ciecomunicacion\/wp-json\/wp\/v2\/pages\/1695\/revisions"}],"predecessor-version":[{"id":2067,"href":"https:\/\/fpsrriicc.unsa.edu.pe\/ciecomunicacion\/wp-json\/wp\/v2\/pages\/1695\/revisions\/2067"}],"wp:attachment":[{"href":"https:\/\/fpsrriicc.unsa.edu.pe\/ciecomunicacion\/wp-json\/wp\/v2\/media?parent=1695"}],"curies":[{"name":"wp","href":"https:\/\/api.w.org\/{rel}","templated":true}]}}