{"id":1694,"date":"2020-06-15T13:54:04","date_gmt":"2020-06-15T18:54:04","guid":{"rendered":"https:\/\/fpsrriicc.unsa.edu.pe\/ciecomunicacion\/?page_id=1694"},"modified":"2025-06-19T13:44:18","modified_gmt":"2025-06-19T18:44:18","slug":"objetivos-educacionales-de-relaciones-publicas-2","status":"publish","type":"page","link":"https:\/\/fpsrriicc.unsa.edu.pe\/ciecomunicacion\/objetivos-educacionales-de-relaciones-publicas-2\/","title":{"rendered":"Objetivos Educacionales de Relaciones P\u00fablicas"},"content":{"rendered":"<ol>\n<li>Desarrollar planes estrat\u00e9gicos de comunicaci\u00f3n en distintos contextos organizacionales, tomando en cuenta metodolog\u00edas propias con pensamiento cr\u00edtico y capacidad de an\u00e1lisis en un marco de respeto a las opiniones divergentes, aplicando las teor\u00edas de la comunicaci\u00f3n y de las Relaciones P\u00fablicas.<\/li>\n<li>Generar procesos de comunicaci\u00f3n que promuevan el di\u00e1logo y el entendimiento mutuo en las organizaciones, en un marco de responsabilidad social, fomentando la integraci\u00f3n de la organizaci\u00f3n con diferentes p\u00fablicos de inter\u00e9s.<\/li>\n<li>Aplicar las tecnolog\u00edas de la informaci\u00f3n y herramienta de marketing y publicidad para fomentar la interacci\u00f3n con sus p\u00fablicos y satisfacer las necesidades de mercado.<\/li>\n<li>Crear un clima de convivencia organizacional democr\u00e1tico y expresivo para analizar los problemas comunicacionales y relacionales, en miras de proponer soluciones equitativas y transparentes.<\/li>\n<li>Promover la investigaci\u00f3n y la aplicaci\u00f3n de instrumentos que generen conocimiento nuevo con el prop\u00f3sito de enriquecer su especialidad.<\/li>\n<\/ol>\n","protected":false},"excerpt":{"rendered":"<p>Desarrollar planes estrat\u00e9gicos de comunicaci\u00f3n en distintos contextos organizacionales, tomando en cuenta metodolog\u00edas propias con pensamiento cr\u00edtico y capacidad de an\u00e1lisis en un marco de respeto a las opiniones divergentes, aplicando las teor\u00edas de la comunicaci\u00f3n y de las Relaciones P\u00fablicas. Generar procesos de comunicaci\u00f3n que promuevan el di\u00e1logo y el entendimiento mutuo en las [&hellip;]<\/p>\n","protected":false},"author":7,"featured_media":0,"parent":0,"menu_order":0,"comment_status":"closed","ping_status":"closed","template":"","meta":{"_acf_changed":false,"footnotes":""},"class_list":["post-1694","page","type-page","status-publish","hentry"],"acf":[],"_links":{"self":[{"href":"https:\/\/fpsrriicc.unsa.edu.pe\/ciecomunicacion\/wp-json\/wp\/v2\/pages\/1694","targetHints":{"allow":["GET"]}}],"collection":[{"href":"https:\/\/fpsrriicc.unsa.edu.pe\/ciecomunicacion\/wp-json\/wp\/v2\/pages"}],"about":[{"href":"https:\/\/fpsrriicc.unsa.edu.pe\/ciecomunicacion\/wp-json\/wp\/v2\/types\/page"}],"author":[{"embeddable":true,"href":"https:\/\/fpsrriicc.unsa.edu.pe\/ciecomunicacion\/wp-json\/wp\/v2\/users\/7"}],"replies":[{"embeddable":true,"href":"https:\/\/fpsrriicc.unsa.edu.pe\/ciecomunicacion\/wp-json\/wp\/v2\/comments?post=1694"}],"version-history":[{"count":4,"href":"https:\/\/fpsrriicc.unsa.edu.pe\/ciecomunicacion\/wp-json\/wp\/v2\/pages\/1694\/revisions"}],"predecessor-version":[{"id":2066,"href":"https:\/\/fpsrriicc.unsa.edu.pe\/ciecomunicacion\/wp-json\/wp\/v2\/pages\/1694\/revisions\/2066"}],"wp:attachment":[{"href":"https:\/\/fpsrriicc.unsa.edu.pe\/ciecomunicacion\/wp-json\/wp\/v2\/media?parent=1694"}],"curies":[{"name":"wp","href":"https:\/\/api.w.org\/{rel}","templated":true}]}}