{"id":1611,"date":"2018-07-11T09:57:50","date_gmt":"2018-07-11T14:57:50","guid":{"rendered":"https:\/\/fpsrriicc.unsa.edu.pe\/ciecomunicacion\/?page_id=1611"},"modified":"2024-09-10T10:37:19","modified_gmt":"2024-09-10T15:37:19","slug":"grados-y-titulos","status":"publish","type":"page","link":"https:\/\/fpsrriicc.unsa.edu.pe\/ciecomunicacion\/grados-y-titulos\/","title":{"rendered":"Grados y T\u00edtulos"},"content":{"rendered":"<p>La Escuela Profesional de Ciencias de la Comunicaci\u00f3n cuenta con dos programas de estudio :<\/p>\n<p><span style=\"color: #993300\"><em><strong>Programa de Relaciones P\u00fablicas<\/strong><\/em><\/span><\/p>\n<ul>\n<li><strong>GRADO ACAD\u00c9MICO:<br \/>\n<\/strong>Bachiller en Ciencias de la Comunicaci\u00f3n Especialidad: Relaciones P\u00fablicas<\/li>\n<li><strong>T\u00cdTULO PROFESIONAL:<br \/>\n<\/strong>Licenciado en Ciencias de la Comunicaci\u00f3n, Especialidad: Relaciones P\u00fablicas<\/li>\n<\/ul>\n<p><span style=\"color: #993300\"><em><strong>Programa de Periodismo<\/strong><\/em><\/span><\/p>\n<ul>\n<li><strong>GRADO ACAD\u00c9MICO:<br \/>\n<\/strong>Bachiller en Ciencias de la Comunicaci\u00f3n Especialidad: Periodismo<\/li>\n<li><strong>T\u00cdTULO PROFESIONAL:<br \/>\n<\/strong>Licenciado en Ciencias de la Comunicaci\u00f3n, Especialidad: Periodismo<\/li>\n<\/ul>\n<p>&nbsp;<\/p>\n<p>&nbsp;<\/p>\n","protected":false},"excerpt":{"rendered":"<p>La Escuela Profesional de Ciencias de la Comunicaci\u00f3n cuenta con dos programas de estudio : Programa de Relaciones P\u00fablicas GRADO ACAD\u00c9MICO: Bachiller en Ciencias de la Comunicaci\u00f3n Especialidad: Relaciones P\u00fablicas T\u00cdTULO PROFESIONAL: Licenciado en Ciencias de la Comunicaci\u00f3n, Especialidad: Relaciones P\u00fablicas Programa de Periodismo GRADO ACAD\u00c9MICO: Bachiller en Ciencias de la Comunicaci\u00f3n Especialidad: Periodismo T\u00cdTULO [&hellip;]<\/p>\n","protected":false},"author":1,"featured_media":1632,"parent":0,"menu_order":0,"comment_status":"closed","ping_status":"closed","template":"","meta":{"_acf_changed":false,"footnotes":""},"class_list":["post-1611","page","type-page","status-publish","has-post-thumbnail","hentry"],"acf":[],"_links":{"self":[{"href":"https:\/\/fpsrriicc.unsa.edu.pe\/ciecomunicacion\/wp-json\/wp\/v2\/pages\/1611","targetHints":{"allow":["GET"]}}],"collection":[{"href":"https:\/\/fpsrriicc.unsa.edu.pe\/ciecomunicacion\/wp-json\/wp\/v2\/pages"}],"about":[{"href":"https:\/\/fpsrriicc.unsa.edu.pe\/ciecomunicacion\/wp-json\/wp\/v2\/types\/page"}],"author":[{"embeddable":true,"href":"https:\/\/fpsrriicc.unsa.edu.pe\/ciecomunicacion\/wp-json\/wp\/v2\/users\/1"}],"replies":[{"embeddable":true,"href":"https:\/\/fpsrriicc.unsa.edu.pe\/ciecomunicacion\/wp-json\/wp\/v2\/comments?post=1611"}],"version-history":[{"count":6,"href":"https:\/\/fpsrriicc.unsa.edu.pe\/ciecomunicacion\/wp-json\/wp\/v2\/pages\/1611\/revisions"}],"predecessor-version":[{"id":2023,"href":"https:\/\/fpsrriicc.unsa.edu.pe\/ciecomunicacion\/wp-json\/wp\/v2\/pages\/1611\/revisions\/2023"}],"wp:featuredmedia":[{"embeddable":true,"href":"https:\/\/fpsrriicc.unsa.edu.pe\/ciecomunicacion\/wp-json\/wp\/v2\/media\/1632"}],"wp:attachment":[{"href":"https:\/\/fpsrriicc.unsa.edu.pe\/ciecomunicacion\/wp-json\/wp\/v2\/media?parent=1611"}],"curies":[{"name":"wp","href":"https:\/\/api.w.org\/{rel}","templated":true}]}}