{"id":1607,"date":"2018-07-11T09:55:55","date_gmt":"2018-07-11T14:55:55","guid":{"rendered":"https:\/\/fpsrriicc.unsa.edu.pe\/ciecomunicacion\/?page_id=1607"},"modified":"2025-06-19T13:37:01","modified_gmt":"2025-06-19T18:37:01","slug":"competencias-de-especialidad-de-relaciones-publicas","status":"publish","type":"page","link":"https:\/\/fpsrriicc.unsa.edu.pe\/ciecomunicacion\/competencias-de-especialidad-de-relaciones-publicas\/","title":{"rendered":"PERFIL DE EGRESO &#8211; PROGRAMA DE RELACIONES P\u00daBLICAS"},"content":{"rendered":"<p>Competencia General 1 (CG1)<br \/>\nConoce los fundamentos te\u00f3ricos de la comunicaci\u00f3n en relaciones p\u00fablicas, modelos y tendencias, para investigar cient\u00edficamente, organizar planes estrat\u00e9gicos de comunicaci\u00f3n en diferentes escenarios organizacionales con metodolog\u00edas apropiadas, con car\u00e1cter y prop\u00f3sitos de dar soluci\u00f3n a los problemas de comunicaci\u00f3n.<\/p>\n<p>Competencia General 2 (CG2)<br \/>\nConoce, comprende y utiliza los distintos paradigmas de la investigaci\u00f3n y las teor\u00edas de la comunicaci\u00f3n, para desarrollar investigaciones de car\u00e1cter cient\u00edfico, que responda a lineamientos internacionales, orientadas a tratar tanto la problem\u00e1tica de las Relaciones P\u00fablicas como de la sociedad, contribuyendo a su progreso en el marco de respeto a los derechos humanos.<\/p>\n<p>Competencia General 3 (CG3)<br \/>\nUtiliza las nuevas tecnolog\u00edas de la informaci\u00f3n y comunicaci\u00f3n social, tanto para producir como para publicar trabajos de Relaciones P\u00fablicas de calidad que contribuyan a mejorar la comunicaci\u00f3n p\u00fablica y regular los procesos democr\u00e1ticos en la sociedad, asumiendo con responsabilidad social y ambiental.<\/p>\n<p>Competencia Espec\u00edfica 1 (CE1)<br \/>\nGenera procesos de comunicaci\u00f3n p\u00fablica, en los que se trata los distintos problemas que aquejan a la ciudadan\u00eda, analizando el contexto socioecon\u00f3mico y asumiendo una perspectiva cr\u00edtica, plural y \u00e9tica.<\/p>\n<p>Competencia Espec\u00edfica 2 (CE2)<br \/>\nGestiona las Relaciones P\u00fablicas como elemento clave y vital del \u00e9xito organizacional utilizando diferentes medios, herramientas y t\u00e9cnicas de comunicaci\u00f3n con una actitud prospectiva y cr\u00edtica, respetando principios \u00e9ticos.<\/p>\n<p>Competencia Espec\u00edfica 3 (CE3)<br \/>\nDesarrolla y ejecuta planes de Marketing y Publicidad contribuyendo al desarrollo de las instituciones, fijando objetivos comunicacionales con \u00e9tica profesional.<\/p>\n<p>Competencia Espec\u00edfica 4 (CE4)<br \/>\nPromueve la responsabilidad social y las Relaciones Comunitarias de las organizaciones y establece relaciones de respeto, colaboraci\u00f3n y responsabilidad con la comunidad y otras instituciones del estado y la sociedad civil tanto a nivel individual como a nivel grupal<\/p>\n","protected":false},"excerpt":{"rendered":"<p>Competencia General 1 (CG1) Conoce los fundamentos te\u00f3ricos de la comunicaci\u00f3n en relaciones p\u00fablicas, modelos y tendencias, para investigar cient\u00edficamente, organizar planes estrat\u00e9gicos de comunicaci\u00f3n en diferentes escenarios organizacionales con metodolog\u00edas apropiadas, con car\u00e1cter y prop\u00f3sitos de dar soluci\u00f3n a los problemas de comunicaci\u00f3n. Competencia General 2 (CG2) Conoce, comprende y utiliza los distintos paradigmas [&hellip;]<\/p>\n","protected":false},"author":1,"featured_media":1836,"parent":0,"menu_order":0,"comment_status":"closed","ping_status":"closed","template":"page-imagen.php","meta":{"_acf_changed":false,"footnotes":""},"class_list":["post-1607","page","type-page","status-publish","has-post-thumbnail","hentry"],"acf":[],"_links":{"self":[{"href":"https:\/\/fpsrriicc.unsa.edu.pe\/ciecomunicacion\/wp-json\/wp\/v2\/pages\/1607","targetHints":{"allow":["GET"]}}],"collection":[{"href":"https:\/\/fpsrriicc.unsa.edu.pe\/ciecomunicacion\/wp-json\/wp\/v2\/pages"}],"about":[{"href":"https:\/\/fpsrriicc.unsa.edu.pe\/ciecomunicacion\/wp-json\/wp\/v2\/types\/page"}],"author":[{"embeddable":true,"href":"https:\/\/fpsrriicc.unsa.edu.pe\/ciecomunicacion\/wp-json\/wp\/v2\/users\/1"}],"replies":[{"embeddable":true,"href":"https:\/\/fpsrriicc.unsa.edu.pe\/ciecomunicacion\/wp-json\/wp\/v2\/comments?post=1607"}],"version-history":[{"count":8,"href":"https:\/\/fpsrriicc.unsa.edu.pe\/ciecomunicacion\/wp-json\/wp\/v2\/pages\/1607\/revisions"}],"predecessor-version":[{"id":2060,"href":"https:\/\/fpsrriicc.unsa.edu.pe\/ciecomunicacion\/wp-json\/wp\/v2\/pages\/1607\/revisions\/2060"}],"wp:featuredmedia":[{"embeddable":true,"href":"https:\/\/fpsrriicc.unsa.edu.pe\/ciecomunicacion\/wp-json\/wp\/v2\/media\/1836"}],"wp:attachment":[{"href":"https:\/\/fpsrriicc.unsa.edu.pe\/ciecomunicacion\/wp-json\/wp\/v2\/media?parent=1607"}],"curies":[{"name":"wp","href":"https:\/\/api.w.org\/{rel}","templated":true}]}}