{"id":1283,"date":"2017-07-03T14:44:46","date_gmt":"2017-07-03T14:44:46","guid":{"rendered":"http:\/\/www2.unsa.edu.pe\/escuelas\/ciecomunicacion\/?page_id=2"},"modified":"2026-03-17T09:21:23","modified_gmt":"2026-03-17T14:21:23","slug":"pagina-ejemplo-2","status":"publish","type":"page","link":"https:\/\/fpsrriicc.unsa.edu.pe\/ciecomunicacion\/pagina-ejemplo-2\/","title":{"rendered":"ESCUELA PROFESIONAL DE CIENCIAS DE LA COMUNICACI\u00d3N"},"content":{"rendered":"<p>La universidad peruana enfrenta hoy uno de los mayores desaf\u00edos: reorganizar el sistema universitario y promover la calidad en base a la ley N\u00b0 30220 que introduce la figura del licenciamiento obligatorio de las universidades y la acreditaci\u00f3n de cada una de las carreras profesionales que se ofertan a la sociedad.<\/p>\n<p>Esto constituye un nuevo reto para la Escuela Profesional de Ciencias de la Comunicaci\u00f3n: asegurar la calidad de la Educaci\u00f3n Superior Universitaria como un mecanismo de protecci\u00f3n del bienestar individual y social, reto que debemos emprender docentes, alumnos y personal administrativo para concretar el ideal de contar con una universidad que sea fuente de ciencia, justicia, verdad y belleza.<\/p>\n<p>La m\u00e1s cordial bienvenida a nuestros queridos estudiantes, quienes contribuir\u00e1n decididamente al desarrollo de la Escuela Profesional de Ciencias de la Comunicaci\u00f3n mostrando buenas practicas acad\u00e9micas y comportamiento id\u00f3neo, factores indispensables para lograr la calidad.<\/p>\n","protected":false},"excerpt":{"rendered":"<p>La universidad peruana enfrenta hoy uno de los mayores desaf\u00edos: reorganizar el sistema universitario y promover la calidad en base a la ley N\u00b0 30220 que introduce la figura del licenciamiento obligatorio de las universidades y la acreditaci\u00f3n de cada una de las carreras profesionales que se ofertan a la sociedad. Esto constituye un nuevo [&hellip;]<\/p>\n","protected":false},"author":1,"featured_media":2151,"parent":0,"menu_order":0,"comment_status":"closed","ping_status":"open","template":"","meta":{"_acf_changed":false,"footnotes":""},"class_list":["post-1283","page","type-page","status-publish","has-post-thumbnail","hentry"],"acf":[],"_links":{"self":[{"href":"https:\/\/fpsrriicc.unsa.edu.pe\/ciecomunicacion\/wp-json\/wp\/v2\/pages\/1283","targetHints":{"allow":["GET"]}}],"collection":[{"href":"https:\/\/fpsrriicc.unsa.edu.pe\/ciecomunicacion\/wp-json\/wp\/v2\/pages"}],"about":[{"href":"https:\/\/fpsrriicc.unsa.edu.pe\/ciecomunicacion\/wp-json\/wp\/v2\/types\/page"}],"author":[{"embeddable":true,"href":"https:\/\/fpsrriicc.unsa.edu.pe\/ciecomunicacion\/wp-json\/wp\/v2\/users\/1"}],"replies":[{"embeddable":true,"href":"https:\/\/fpsrriicc.unsa.edu.pe\/ciecomunicacion\/wp-json\/wp\/v2\/comments?post=1283"}],"version-history":[{"count":10,"href":"https:\/\/fpsrriicc.unsa.edu.pe\/ciecomunicacion\/wp-json\/wp\/v2\/pages\/1283\/revisions"}],"predecessor-version":[{"id":1928,"href":"https:\/\/fpsrriicc.unsa.edu.pe\/ciecomunicacion\/wp-json\/wp\/v2\/pages\/1283\/revisions\/1928"}],"wp:featuredmedia":[{"embeddable":true,"href":"https:\/\/fpsrriicc.unsa.edu.pe\/ciecomunicacion\/wp-json\/wp\/v2\/media\/2151"}],"wp:attachment":[{"href":"https:\/\/fpsrriicc.unsa.edu.pe\/ciecomunicacion\/wp-json\/wp\/v2\/media?parent=1283"}],"curies":[{"name":"wp","href":"https:\/\/api.w.org\/{rel}","templated":true}]}}