{"id":1073,"date":"2017-07-07T15:21:51","date_gmt":"2017-07-07T15:21:51","guid":{"rendered":"http:\/\/www2.unsa.edu.pe\/escuelas\/ciecomunicacion\/?page_id=1073"},"modified":"2021-11-20T07:01:22","modified_gmt":"2021-11-20T12:01:22","slug":"competencias-de-la-carrera","status":"publish","type":"page","link":"https:\/\/fpsrriicc.unsa.edu.pe\/ciecomunicacion\/competencias-de-la-carrera\/","title":{"rendered":"Competencias del  Programa de Periodismo"},"content":{"rendered":"<p><u><b>COMPETENCIAS GENERALES<\/b><\/u><\/p>\n<p><b>CG.1<\/b>\u00a0Conoce, comprende y utiliza los distintos paradigmas de la investigaci\u00f3n y las teor\u00edas de la comunicaci\u00f3n, para desarrollar investigaciones de car\u00e1cter cient\u00edfico, que responda a lineamientos internacionales, orientadas a tratar tanto la problem\u00e1tica del periodismo como de la sociedad, contribuyendo a su progreso en el marco de respeto a los derechos humanos<\/p>\n<p><b>CG.2<\/b>\u00a0Utiliza las nuevas tecnolog\u00edas de la informaci\u00f3n y comunicaci\u00f3n social, tanto para producir como para publicar trabajos period\u00edsticos de calidad que contribuyan a mejorar la comunicaci\u00f3n p\u00fablica y regular los procesos democr\u00e1ticos en la sociedad, asumiendo con responsabilidad social y ambiental.<\/p>\n<p><b>CG.3<\/b>\u00a0Genera procesos de comunicaci\u00f3n p\u00fablica, en los que se trata los distintos problemas que aquejan a la ciudadan\u00eda, analizando el contexto socioecon\u00f3mico y asumiendo una perspectiva anal\u00edtica y cr\u00edtica, con perspectiva plural y \u00e9tica.<\/p>\n<p><u><b>COMPETENCIAS ESPEC\u00cdFICAS<\/b><\/u><\/p>\n<p><b>CE.1<\/b>\u00a0Ejecuta planes de comunicaci\u00f3n, con la finalidad de mitigar las situaciones de conflicto social que se producen en la sociedad, generando un clima de paz social en el que las partes involucradas dialoguen dentro del ejercicio democr\u00e1tico.<\/p>\n<p><b>CE.2<\/b>\u00a0Utiliza las distintas t\u00e9cnicas de producci\u00f3n multimedia, para elaborar productos que puedan ser difundidas a trav\u00e9s de multi-plataformas, respondiendo a normas de calidad que garanticen su eficiencia comunicativa en distintos contextos sociales, respetando la diversidad cultural<\/p>\n<p><b>CE.3<\/b>\u00a0Redacta, publica y difunde, noticias utilizando todos los g\u00e9neros period\u00edsticos, en los distintos medios de comunicaci\u00f3n, impresos, audiovisuales y digitales, basado en un trabajo de investigaci\u00f3n previo que siga lineamientos de rigor y \u00e9tica profesional, que contribuyan con su conocimiento p\u00fablico al bienestar de la sociedad.<\/p>\n<p><b>CE.4<\/b>\u00a0Elabora trabajos de investigaci\u00f3n cient\u00edfica de su especialidad period\u00edstica, cumpliendo con est\u00e1ndares internacionales de calidad, que permitan su publicaci\u00f3n en revistas indexadas de alto nivel, orientadas a tratar temas que contribuyan con el desarrollo de la regi\u00f3n y del pa\u00eds con actitud de cambio social.<\/p>\n","protected":false},"excerpt":{"rendered":"<p>COMPETENCIAS GENERALES CG.1\u00a0Conoce, comprende y utiliza los distintos paradigmas de la investigaci\u00f3n y las teor\u00edas de la comunicaci\u00f3n, para desarrollar investigaciones de car\u00e1cter cient\u00edfico, que responda a lineamientos internacionales, orientadas a tratar tanto la problem\u00e1tica del periodismo como de la sociedad, contribuyendo a su progreso en el marco de respeto a los derechos humanos CG.2\u00a0Utiliza [&hellip;]<\/p>\n","protected":false},"author":1,"featured_media":1629,"parent":0,"menu_order":0,"comment_status":"closed","ping_status":"closed","template":"page-imagen.php","meta":{"_acf_changed":false,"footnotes":""},"class_list":["post-1073","page","type-page","status-publish","has-post-thumbnail","hentry"],"acf":[],"_links":{"self":[{"href":"https:\/\/fpsrriicc.unsa.edu.pe\/ciecomunicacion\/wp-json\/wp\/v2\/pages\/1073","targetHints":{"allow":["GET"]}}],"collection":[{"href":"https:\/\/fpsrriicc.unsa.edu.pe\/ciecomunicacion\/wp-json\/wp\/v2\/pages"}],"about":[{"href":"https:\/\/fpsrriicc.unsa.edu.pe\/ciecomunicacion\/wp-json\/wp\/v2\/types\/page"}],"author":[{"embeddable":true,"href":"https:\/\/fpsrriicc.unsa.edu.pe\/ciecomunicacion\/wp-json\/wp\/v2\/users\/1"}],"replies":[{"embeddable":true,"href":"https:\/\/fpsrriicc.unsa.edu.pe\/ciecomunicacion\/wp-json\/wp\/v2\/comments?post=1073"}],"version-history":[{"count":3,"href":"https:\/\/fpsrriicc.unsa.edu.pe\/ciecomunicacion\/wp-json\/wp\/v2\/pages\/1073\/revisions"}],"predecessor-version":[{"id":1889,"href":"https:\/\/fpsrriicc.unsa.edu.pe\/ciecomunicacion\/wp-json\/wp\/v2\/pages\/1073\/revisions\/1889"}],"wp:featuredmedia":[{"embeddable":true,"href":"https:\/\/fpsrriicc.unsa.edu.pe\/ciecomunicacion\/wp-json\/wp\/v2\/media\/1629"}],"wp:attachment":[{"href":"https:\/\/fpsrriicc.unsa.edu.pe\/ciecomunicacion\/wp-json\/wp\/v2\/media?parent=1073"}],"curies":[{"name":"wp","href":"https:\/\/api.w.org\/{rel}","templated":true}]}}