{"id":1059,"date":"2017-07-07T14:44:06","date_gmt":"2017-07-07T14:44:06","guid":{"rendered":"http:\/\/www2.unsa.edu.pe\/escuelas\/ciecomunicacion\/?page_id=1059"},"modified":"2025-06-04T09:06:42","modified_gmt":"2025-06-04T14:06:42","slug":"vision-y-mision","status":"publish","type":"page","link":"https:\/\/fpsrriicc.unsa.edu.pe\/ciecomunicacion\/vision-y-mision\/","title":{"rendered":"Misi\u00f3n y Visi\u00f3n"},"content":{"rendered":"<div class=\"cua-gra\"><\/p>\n<h4><img loading=\"lazy\" decoding=\"async\" class=\"hidden-xs wp-image-1267  alignleft\" src=\"http:\/\/www2.unsa.edu.pe\/fprriicc\/ciecomunicacion\/wp-content\/uploads\/sites\/4\/2017\/09\/comunicacion_unsa_infraestructura_01-360x203.jpg\" alt=\"\" width=\"364\" height=\"205\" \/>MISI\u00d3N<\/h4>\n<p>Impartir conocimientos referidos a las ciencias de la comunicaci\u00f3n, en un ambiente de investigaci\u00f3n, con responsabilidad social, a trav\u00e9s de sistemas comunicacionales inclusivos, para\u00a0 contribuir al desarrollo sostenible de la regi\u00f3n y del pa\u00eds, \u00e9ticamente v\u00e1lido.<\/p>\n<p><\/div>\n<p>&nbsp;<\/p>\n<p>&nbsp;<\/p>\n<div class=\"cua-gri\"><\/p>\n<h4><img loading=\"lazy\" decoding=\"async\" class=\"hidden-xs wp-image-1267 alignleft\" src=\"https:\/\/fpsrriicc.unsa.edu.pe\/ciecomunicacion\/wp-content\/uploads\/sites\/4\/2017\/09\/comunicacion_unsa_infraestructura_01-360x203.jpg\" alt=\"\" width=\"362\" height=\"204\" \/>VISI\u00d3N<\/h4>\n<p>La Escuela Profesional de Ciencias de la Comunicaci\u00f3n, al igual que la Universidad Nacional de San Agust\u00edn de Arequipa, decidi\u00f3 alinearse a la visi\u00f3n del Ministerio de Educaci\u00f3n del Per\u00fa, la cual indica:<br \/>\n\u00abLos peruanos acceden a una educaci\u00f3n que les permite desarrollar su potencial desde la primera infancia y convertirse en ciudadanos que valoren su cultura, conocen sus derechos y\u00a0 responsabilidades, desarrollan sus talentos y participan de manera innovadora, competitiva y comprometida en las din\u00e1micas sociales, contribuyendo al desarrollo de sus comunidades y del pa\u00eds en su conjunto\u00bb.<\/p>\n<p><\/div>\n<h4><\/h4>\n","protected":false},"excerpt":{"rendered":"<p>&nbsp; &nbsp;<\/p>\n","protected":false},"author":1,"featured_media":0,"parent":0,"menu_order":0,"comment_status":"closed","ping_status":"closed","template":"","meta":{"_acf_changed":false,"footnotes":""},"class_list":["post-1059","page","type-page","status-publish","hentry"],"acf":[],"_links":{"self":[{"href":"https:\/\/fpsrriicc.unsa.edu.pe\/ciecomunicacion\/wp-json\/wp\/v2\/pages\/1059","targetHints":{"allow":["GET"]}}],"collection":[{"href":"https:\/\/fpsrriicc.unsa.edu.pe\/ciecomunicacion\/wp-json\/wp\/v2\/pages"}],"about":[{"href":"https:\/\/fpsrriicc.unsa.edu.pe\/ciecomunicacion\/wp-json\/wp\/v2\/types\/page"}],"author":[{"embeddable":true,"href":"https:\/\/fpsrriicc.unsa.edu.pe\/ciecomunicacion\/wp-json\/wp\/v2\/users\/1"}],"replies":[{"embeddable":true,"href":"https:\/\/fpsrriicc.unsa.edu.pe\/ciecomunicacion\/wp-json\/wp\/v2\/comments?post=1059"}],"version-history":[{"count":17,"href":"https:\/\/fpsrriicc.unsa.edu.pe\/ciecomunicacion\/wp-json\/wp\/v2\/pages\/1059\/revisions"}],"predecessor-version":[{"id":2044,"href":"https:\/\/fpsrriicc.unsa.edu.pe\/ciecomunicacion\/wp-json\/wp\/v2\/pages\/1059\/revisions\/2044"}],"wp:attachment":[{"href":"https:\/\/fpsrriicc.unsa.edu.pe\/ciecomunicacion\/wp-json\/wp\/v2\/media?parent=1059"}],"curies":[{"name":"wp","href":"https:\/\/api.w.org\/{rel}","templated":true}]}}