{"id":1057,"date":"2017-07-07T14:41:08","date_gmt":"2017-07-07T14:41:08","guid":{"rendered":"http:\/\/www2.unsa.edu.pe\/escuelas\/ciecomunicacion\/?page_id=1057"},"modified":"2026-03-17T08:57:18","modified_gmt":"2026-03-17T13:57:18","slug":"resena-historica","status":"publish","type":"page","link":"https:\/\/fpsrriicc.unsa.edu.pe\/ciecomunicacion\/resena-historica\/","title":{"rendered":"Rese\u00f1a Hist\u00f3rica"},"content":{"rendered":"<p>En 1990, con el auge de las Ciencias de la Comunicaci\u00f3n se concibi\u00f3 la idea de crear una nueva Escuela, que forme profesionales en este campo de visionaria proyecci\u00f3n (Relaciones Publicas y Periodismo), hecho que se concret\u00f3 en 1992.<\/p>\n<p>El 19 de mayo de ese a\u00f1o, se reuni\u00f3 en Departamento Acad\u00e9mico de Relaciones Industriales y P\u00fablicas de la Universidad Nacional de San Agust\u00edn, bajo la direcci\u00f3n del licenciado H\u00e9ctor G\u00f3mez Rodr\u00edguez, para acordar la separaci\u00f3n de las especialidades de Relaciones Industriales y Ciencias de la Comunicaci\u00f3n (Relaciones P\u00fablicas y Periodismo).<\/p>\n<p>La gesti\u00f3n de regularizaci\u00f3n dur\u00f3 cuatro a\u00f1os y culmino el 17 de febrero de 1995 con la Resoluci\u00f3n Rectoral n\u00b0 108-95 publicada el 24 de febrero del mismo a\u00f1o, por la cual se crea la Escuela Profesional de Ciencias de la Comunicaci\u00f3n con las especialidades de Relaciones P\u00fablicas y Periodismo, durante la gesti\u00f3n del Rector Dr. Juan Manuel Guill\u00e9n Benavides. Fue nombrado como primer director el Dr. Jos\u00e9 Linares Bezold, quien se hizo cargo de la administraci\u00f3n acad\u00e9mica hasta 1995.<\/p>\n<p>Le sucedieron en el cargo el Lic. Gersy Paredes Linares (1996-97), el Dr. Luis Ocola Villanueva (1998), el Dr. Freddy Gonzales Bedoya (1999-2002), el Dr. Dionicio Arias Quintanilla (2003-2005), la Dra. Eliana Aranibar Melgar (2006-2008), el Dr. Dionicio Arias Quintanilla (2009-2011), el Mg. Gregorio Cusihuaman Sisa (2011-2014), la Mg. Karola Lara Manchego (2014-2015) ,\u00a0 la Dra. Carmen Chirinos Garc\u00eda (2016-2019), el Dr. Jos\u00e9 L\u00f3pez Moscoso (2020-2023) y la Dra. Vanessa de Nazareth Oviedo Medrano actual Directora de la Escuela Profesional de Ciencias de la Comunicaci\u00f3n.<\/p>\n","protected":false},"excerpt":{"rendered":"<p>En 1990, con el auge de las Ciencias de la Comunicaci\u00f3n se concibi\u00f3 la idea de crear una nueva Escuela, que forme profesionales en este campo de visionaria proyecci\u00f3n (Relaciones Publicas y Periodismo), hecho que se concret\u00f3 en 1992. El 19 de mayo de ese a\u00f1o, se reuni\u00f3 en Departamento Acad\u00e9mico de Relaciones Industriales y [&hellip;]<\/p>\n","protected":false},"author":1,"featured_media":1622,"parent":0,"menu_order":0,"comment_status":"closed","ping_status":"closed","template":"page-imagen.php","meta":{"_acf_changed":false,"footnotes":""},"class_list":["post-1057","page","type-page","status-publish","has-post-thumbnail","hentry"],"acf":[],"_links":{"self":[{"href":"https:\/\/fpsrriicc.unsa.edu.pe\/ciecomunicacion\/wp-json\/wp\/v2\/pages\/1057","targetHints":{"allow":["GET"]}}],"collection":[{"href":"https:\/\/fpsrriicc.unsa.edu.pe\/ciecomunicacion\/wp-json\/wp\/v2\/pages"}],"about":[{"href":"https:\/\/fpsrriicc.unsa.edu.pe\/ciecomunicacion\/wp-json\/wp\/v2\/types\/page"}],"author":[{"embeddable":true,"href":"https:\/\/fpsrriicc.unsa.edu.pe\/ciecomunicacion\/wp-json\/wp\/v2\/users\/1"}],"replies":[{"embeddable":true,"href":"https:\/\/fpsrriicc.unsa.edu.pe\/ciecomunicacion\/wp-json\/wp\/v2\/comments?post=1057"}],"version-history":[{"count":5,"href":"https:\/\/fpsrriicc.unsa.edu.pe\/ciecomunicacion\/wp-json\/wp\/v2\/pages\/1057\/revisions"}],"predecessor-version":[{"id":2149,"href":"https:\/\/fpsrriicc.unsa.edu.pe\/ciecomunicacion\/wp-json\/wp\/v2\/pages\/1057\/revisions\/2149"}],"wp:featuredmedia":[{"embeddable":true,"href":"https:\/\/fpsrriicc.unsa.edu.pe\/ciecomunicacion\/wp-json\/wp\/v2\/media\/1622"}],"wp:attachment":[{"href":"https:\/\/fpsrriicc.unsa.edu.pe\/ciecomunicacion\/wp-json\/wp\/v2\/media?parent=1057"}],"curies":[{"name":"wp","href":"https:\/\/api.w.org\/{rel}","templated":true}]}}